{"id":12042,"date":"2019-09-18T16:34:22","date_gmt":"2019-09-18T16:34:22","guid":{"rendered":"https:\/\/www.zanasi.net\/?page_id=12042"},"modified":"2022-09-20T09:49:01","modified_gmt":"2022-09-20T09:49:01","slug":"kontakte","status":"publish","type":"page","link":"https:\/\/www.zanasi.net\/de\/kontakte\/","title":{"rendered":"Kontakte"},"content":{"rendered":"<div class=\"wpb-content-wrapper\"><p>[vc_row content_placement=&#8220;middle&#8220; css=&#8220;.vc_custom_1660923489697{padding-top: 2em !important;padding-bottom: 2em !important;}&#8220;][vc_column width=&#8220;1\/2&#8243;]<div class=\"double-title\">\n\t\t\t\t<h1 class=\"deco-title sinistra\">Kontaktiere uns<\/h1>\n\t\t\t\t<h2 class=\"deco-subtitle sinistra\">Zanasi Societ\u00e0 Agricola<\/h2>\n\t\t\t<\/div>[vc_column_text]<strong>Zanasi Societ\u00e0 Agricola s.s.<br \/>\n<\/strong><\/p>\n<p>Via Settecani Cavidole, 53\/A<br \/>\n( Localit\u00e0 Cavidole )<br \/>\n41051- Castelnuovo Rangone(MO)<br \/>\nTel. 059537052 &#8211; Fax. 059536458<br \/>\nMail <a href=\"mailto:info@zanasi.net\">info@zanasi.net<\/a><\/p>\n<p>[\/vc_column_text][\/vc_column][vc_column width=&#8220;1\/2&#8243;][vc_gmaps link=&#8220;#E-8_JTNDaWZyYW1lJTIwc3JjJTNEJTIyaHR0cHMlM0ElMkYlMkZ3d3cuZ29vZ2xlLmNvbSUyRm1hcHMlMkZlbWJlZCUzRnBiJTNEJTIxMW0xOCUyMTFtMTIlMjExbTMlMjExZDU2NC4wNTY3MzQzNjA0MiUyMTJkMTAuOTY5MDI5OTg0MDQ2ODU3JTIxM2Q0NC41NjI5MDYyOTAzNTcxMDUlMjEybTMlMjExZjAlMjEyZjAlMjEzZjAlMjEzbTIlMjExaTEwMjQlMjEyaTc2OCUyMTRmMTMuMSUyMTNtMyUyMTFtMiUyMTFzMHg0NzdmZTZkZjg1ZGNlNTFiJTI1M0EweDJjYmEwMjNjOTY0Y2Q3M2ElMjEyc1ZpYSUyNTIwU2V0dGVjYW5pJTI1MjBDYXZpZG9sZSUyNTJDJTI1MjA1MyUyNTJDJTI1MjA0MTA1MSUyNTIwT3JhdG9yaW8lMjUyMGRpJTI1MjBTYW50JTI2JTIzMzklM0JBbm5hJTI1MjBNTyUyMTVlMCUyMTNtMiUyMTFzaXQlMjEyc2l0JTIxNHYxNjYwOTIzNDA2MDU1JTIxNW0yJTIxMXNpdCUyMTJzaXQlMjIlMjB3aWR0aCUzRCUyMjYwMCUyMiUyMGhlaWdodCUzRCUyMjQ1MCUyMiUyMHN0eWxlJTNEJTIyYm9yZGVyJTNBMCUzQiUyMiUyMGFsbG93ZnVsbHNjcmVlbiUzRCUyMiUyMiUyMGxvYWRpbmclM0QlMjJsYXp5JTIyJTIwcmVmZXJyZXJwb2xpY3klM0QlMjJuby1yZWZlcnJlci13aGVuLWRvd25ncmFkZSUyMiUzRSUzQyUyRmlmcmFtZSUzRQ==&#8220;][\/vc_column][\/vc_row][vc_row full_width=&#8220;stretch_row&#8220; parallax=&#8220;content-moving&#8220; parallax_image=&#8220;11834&#8243; css=&#8220;.vc_custom_1660923197594{padding-top: 4em !important;padding-bottom: 4em !important;}&#8220;][vc_column width=&#8220;1\/2&#8243; offset=&#8220;vc_col-sm-offset-3 vc_col-xs-offset-1 vc_col-xs-10&#8243; el_class=&#8220;shadow rounded&#8220; css=&#8220;.vc_custom_1660923430899{padding-top: 2em !important;padding-right: 2em !important;padding-bottom: 2em !important;padding-left: 2em !important;background-color: #ffffff !important;border-radius: 4px !important;}&#8220;]\n<div class=\"wpcf7 no-js\" id=\"wpcf7-f192-o1\" lang=\"it-IT\" dir=\"ltr\" data-wpcf7-id=\"192\">\n<div class=\"screen-reader-response\"><p role=\"status\" aria-live=\"polite\" aria-atomic=\"true\"><\/p> <ul><\/ul><\/div>\n<form action=\"\/de\/wp-json\/wp\/v2\/pages\/12042#wpcf7-f192-o1\" method=\"post\" class=\"wpcf7-form init\" aria-label=\"Modulo di contatto\" novalidate=\"novalidate\" data-status=\"init\">\n<fieldset class=\"hidden-fields-container\"><input type=\"hidden\" name=\"_wpcf7\" value=\"192\" \/><input type=\"hidden\" name=\"_wpcf7_version\" value=\"6.1.5\" \/><input type=\"hidden\" name=\"_wpcf7_locale\" value=\"it_IT\" \/><input type=\"hidden\" name=\"_wpcf7_unit_tag\" value=\"wpcf7-f192-o1\" \/><input type=\"hidden\" name=\"_wpcf7_container_post\" value=\"0\" \/><input type=\"hidden\" name=\"_wpcf7_posted_data_hash\" value=\"\" \/><input type=\"hidden\" name=\"_wpcf7_recaptcha_response\" value=\"\" \/>\n<\/fieldset>\n<div class=\"page-contact-form\">\n\t<div class=\"row\">\n\t\t<div class=\"col-12\">\n\t\t\t<div class=\"mb-2\">\n\t\t\t\t<p><label for=\"email\" class=\"form-label\">Indirizzo Email<abbr title=\"richiesto\">(*)<\/abbr><\/label><br \/>\n<span class=\"wpcf7-form-control-wrap\" data-name=\"email\"><input size=\"40\" maxlength=\"400\" class=\"wpcf7-form-control wpcf7-email wpcf7-validates-as-required wpcf7-text wpcf7-validates-as-email form-control\" aria-required=\"true\" aria-invalid=\"false\" value=\"\" type=\"email\" name=\"email\" \/><\/span>\n\t\t\t\t<\/p>\n\t\t\t<\/div>\n\t\t<\/div>\n\t<\/div>\n\t<div class=\"row\">\n\t\t<div class=\"col-lg-6\">\n\t\t\t<div class=\"mb-2\">\n\t\t\t\t<p><label for=\"nome\" class=\"form-label\">Nome<abbr title=\"richiesto\">(*)<\/abbr><\/label><br \/>\n<span class=\"wpcf7-form-control-wrap\" data-name=\"nome\"><input size=\"40\" maxlength=\"400\" class=\"wpcf7-form-control wpcf7-text wpcf7-validates-as-required form-control\" aria-required=\"true\" aria-invalid=\"false\" value=\"\" type=\"text\" name=\"nome\" \/><\/span>\n\t\t\t\t<\/p>\n\t\t\t<\/div>\n\t\t<\/div>\n\t\t<div class=\"col-lg-6\">\n\t\t\t<div class=\"mb-2\">\n\t\t\t\t<p><label for=\"cognome\" class=\"form-label\">Cognome<abbr title=\"richiesto\">(*)<\/abbr><\/label><br \/>\n<span class=\"wpcf7-form-control-wrap\" data-name=\"cognome\"><input size=\"40\" maxlength=\"400\" class=\"wpcf7-form-control wpcf7-text wpcf7-validates-as-required form-control\" aria-required=\"true\" aria-invalid=\"false\" value=\"\" type=\"text\" name=\"cognome\" \/><\/span>\n\t\t\t\t<\/p>\n\t\t\t<\/div>\n\t\t<\/div>\n\t<\/div>\n\t<div class=\"row\">\n\t\t<div class=\"col-12\">\n\t\t\t<div class=\"mb-2\">\n\t\t\t\t<p><label for=\"messaggio\" class=\"form-label\">Messaggio<\/label><br \/>\n<span class=\"wpcf7-form-control-wrap\" data-name=\"messaggio\"><textarea cols=\"40\" rows=\"10\" maxlength=\"2000\" class=\"wpcf7-form-control wpcf7-textarea form-control\" aria-invalid=\"false\" name=\"messaggio\"><\/textarea><\/span>\n\t\t\t\t<\/p>\n\t\t\t<\/div>\n\t\t<\/div>\n\t<\/div>\n\t<div class=\"row\">\n\t\t<div class=\"col-12\">\n\t\t\t<div class=\"form-check mb-1\">\n\t\t\t\t<p><span class=\"wpcf7-form-control-wrap\" data-name=\"privacy\"><span class=\"wpcf7-form-control wpcf7-acceptance\"><span class=\"wpcf7-list-item\"><input type=\"checkbox\" name=\"privacy\" value=\"1\" aria-invalid=\"false\" \/><\/span><\/span><\/span><label class=\"form-check-label\">Dichiaro di aver letto e compreso l'<a href=\"\/privacy-policy\" target=\"_blank\">informativa sulla privacy<\/a>, autorizzo il trattamento dei miei dati personali.<\/label>\n\t\t\t\t<\/p>\n\t\t\t<\/div>\n\t\t\t<div class=\"form-check mb-1\">\n\t\t\t\t<p><span class=\"wpcf7-form-control-wrap\" data-name=\"newsletter\"><span class=\"wpcf7-form-control wpcf7-checkbox\"><span class=\"wpcf7-list-item first last\"><input type=\"checkbox\" name=\"newsletter[]\" value=\"ADD\" \/><span class=\"wpcf7-list-item-label\">ADD<\/span><\/span><\/span><\/span><label class=\"form-check-label\">Voglio iscrivermi alla newsletter di Zanasi Societ\u00e0 Agricola<\/label>\n\t\t\t\t<\/p>\n\t\t\t<\/div>\n\t\t\t<p><input class=\"wpcf7-form-control wpcf7-submit has-spinner btn btn-default inverted wide btn-lg\" type=\"submit\" value=\"Invia\" \/>\n\t\t\t<\/p>\n\t\t<\/div>\n\t<\/div>\n<\/div><div class=\"wpcf7-response-output\" aria-hidden=\"true\"><\/div>\n<\/form>\n<\/div>\n[\/vc_column][\/vc_row]<\/p>\n<\/div>","protected":false},"excerpt":{"rendered":"<p>[vc_row content_placement=&#8220;middle&#8220; css=&#8220;.vc_custom_1660923489697{padding-top: 2em !important;padding-bottom: 2em !important;}&#8220;][vc_column width=&#8220;1\/2&#8243;][vc_column_text]Zanasi Societ\u00e0 Agricola s.s. Via Settecani Cavidole, 53\/A ( Localit\u00e0 Cavidole ) 41051- Castelnuovo Rangone(MO) Tel. 059537052 &#8211; Fax. 059536458 Mail info@zanasi.net [\/vc_column_text][\/vc_column][vc_column width=&#8220;1\/2&#8243;][vc_gmaps link=&#8220;#E-8_JTNDaWZyYW1lJTIwc3JjJTNEJTIyaHR0cHMlM0ElMkYlMkZ3d3cuZ29vZ2xlLmNvbSUyRm1hcHMlMkZlbWJlZCUzRnBiJTNEJTIxMW0xOCUyMTFtMTIlMjExbTMlMjExZDU2NC4wNTY3MzQzNjA0MiUyMTJkMTAuOTY5MDI5OTg0MDQ2ODU3JTIxM2Q0NC41NjI5MDYyOTAzNTcxMDUlMjEybTMlMjExZjAlMjEyZjAlMjEzZjAlMjEzbTIlMjExaTEwMjQlMjEyaTc2OCUyMTRmMTMuMSUyMTNtMyUyMTFtMiUyMTFzMHg0NzdmZTZkZjg1ZGNlNTFiJTI1M0EweDJjYmEwMjNjOTY0Y2Q3M2ElMjEyc1ZpYSUyNTIwU2V0dGVjYW5pJTI1MjBDYXZpZG9sZSUyNTJDJTI1MjA1MyUyNTJDJTI1MjA0MTA1MSUyNTIwT3JhdG9yaW8lMjUyMGRpJTI1MjBTYW50JTI2JTIzMzklM0JBbm5hJTI1MjBNTyUyMTVlMCUyMTNtMiUyMTFzaXQlMjEyc2l0JTIxNHYxNjYwOTIzNDA2MDU1JTIxNW0yJTIxMXNpdCUyMTJzaXQlMjIlMjB3aWR0aCUzRCUyMjYwMCUyMiUyMGhlaWdodCUzRCUyMjQ1MCUyMiUyMHN0eWxlJTNEJTIyYm9yZGVyJTNBMCUzQiUyMiUyMGFsbG93ZnVsbHNjcmVlbiUzRCUyMiUyMiUyMGxvYWRpbmclM0QlMjJsYXp5JTIyJTIwcmVmZXJyZXJwb2xpY3klM0QlMjJuby1yZWZlcnJlci13aGVuLWRvd25ncmFkZSUyMiUzRSUzQyUyRmlmcmFtZSUzRQ==&#8220;][\/vc_column][\/vc_row][vc_row full_width=&#8220;stretch_row&#8220; parallax=&#8220;content-moving&#8220; parallax_image=&#8220;11834&#8243; css=&#8220;.vc_custom_1660923197594{padding-top: 4em !important;padding-bottom: 4em !important;}&#8220;][vc_column width=&#8220;1\/2&#8243; offset=&#8220;vc_col-sm-offset-3 vc_col-xs-offset-1 vc_col-xs-10&#8243; el_class=&#8220;shadow rounded&#8220; css=&#8220;.vc_custom_1660923430899{padding-top: 2em !important;padding-right: 2em !important;padding-bottom: 2em !important;padding-left: 2em !important;background-color: [&hellip;]<\/p>\n","protected":false},"author":1,"featured_media":0,"parent":0,"menu_order":0,"comment_status":"closed","ping_status":"closed","template":"","meta":{"_acf_changed":false,"footnotes":""},"class_list":["post-12042","page","type-page","status-publish","hentry"],"acf":[],"yoast_head":"<!-- This site is optimized with the Yoast SEO plugin v27.4 - https:\/\/yoast.com\/product\/yoast-seo-wordpress\/ -->\n<title>Kontakte - Zanasi Societ\u00e0 Agricola<\/title>\n<meta name=\"description\" content=\"Sie ben\u00f6tigen Informationen \u00fcber uns und unsere Produkte? Z\u00f6gern Sie nicht, uns f\u00fcr jede Anfrage zu kontaktieren!\" \/>\n<meta name=\"robots\" content=\"index, follow, max-snippet:-1, max-image-preview:large, max-video-preview:-1\" \/>\n<link rel=\"canonical\" href=\"https:\/\/www.zanasi.net\/de\/kontakte\/\" \/>\n<meta property=\"og:locale\" content=\"de_DE\" \/>\n<meta property=\"og:type\" content=\"article\" \/>\n<meta property=\"og:title\" content=\"Kontakte - Zanasi Societ\u00e0 Agricola\" \/>\n<meta property=\"og:description\" content=\"Sie ben\u00f6tigen Informationen \u00fcber uns und unsere Produkte? Z\u00f6gern Sie nicht, uns f\u00fcr jede Anfrage zu kontaktieren!\" \/>\n<meta property=\"og:url\" content=\"https:\/\/www.zanasi.net\/de\/kontakte\/\" \/>\n<meta property=\"og:site_name\" content=\"Zanasi Societ\u00e0 Agricola\" \/>\n<meta property=\"article:modified_time\" content=\"2022-09-20T09:49:01+00:00\" \/>\n<meta name=\"twitter:card\" content=\"summary_large_image\" \/>\n<script type=\"application\/ld+json\" class=\"yoast-schema-graph\">{\"@context\":\"https:\\\/\\\/schema.org\",\"@graph\":[{\"@type\":\"WebPage\",\"@id\":\"https:\\\/\\\/www.zanasi.net\\\/de\\\/kontakte\\\/\",\"url\":\"https:\\\/\\\/www.zanasi.net\\\/de\\\/kontakte\\\/\",\"name\":\"Kontakte - Zanasi Societ\u00e0 Agricola\",\"isPartOf\":{\"@id\":\"https:\\\/\\\/www.zanasi.net\\\/de\\\/#website\"},\"datePublished\":\"2019-09-18T16:34:22+00:00\",\"dateModified\":\"2022-09-20T09:49:01+00:00\",\"description\":\"Sie ben\u00f6tigen Informationen \u00fcber uns und unsere Produkte? Z\u00f6gern Sie nicht, uns f\u00fcr jede Anfrage zu kontaktieren!\",\"breadcrumb\":{\"@id\":\"https:\\\/\\\/www.zanasi.net\\\/de\\\/kontakte\\\/#breadcrumb\"},\"inLanguage\":\"de\",\"potentialAction\":[{\"@type\":\"ReadAction\",\"target\":[\"https:\\\/\\\/www.zanasi.net\\\/de\\\/kontakte\\\/\"]}]},{\"@type\":\"BreadcrumbList\",\"@id\":\"https:\\\/\\\/www.zanasi.net\\\/de\\\/kontakte\\\/#breadcrumb\",\"itemListElement\":[{\"@type\":\"ListItem\",\"position\":1,\"name\":\"Home\",\"item\":\"https:\\\/\\\/www.zanasi.net\\\/de\\\/\"},{\"@type\":\"ListItem\",\"position\":2,\"name\":\"Kontakte\"}]},{\"@type\":\"WebSite\",\"@id\":\"https:\\\/\\\/www.zanasi.net\\\/de\\\/#website\",\"url\":\"https:\\\/\\\/www.zanasi.net\\\/de\\\/\",\"name\":\"Zanasi Societ\u00e0 Agricola\",\"description\":\"Vini e Aceti D.O.P. da San Vito - Spilamberto\",\"publisher\":{\"@id\":\"https:\\\/\\\/www.zanasi.net\\\/de\\\/#organization\"},\"potentialAction\":[{\"@type\":\"SearchAction\",\"target\":{\"@type\":\"EntryPoint\",\"urlTemplate\":\"https:\\\/\\\/www.zanasi.net\\\/de\\\/?s={search_term_string}\"},\"query-input\":{\"@type\":\"PropertyValueSpecification\",\"valueRequired\":true,\"valueName\":\"search_term_string\"}}],\"inLanguage\":\"de\"},{\"@type\":\"Organization\",\"@id\":\"https:\\\/\\\/www.zanasi.net\\\/de\\\/#organization\",\"name\":\"Zanasi Societ\u00e0 Agricola\",\"url\":\"https:\\\/\\\/www.zanasi.net\\\/de\\\/\",\"logo\":{\"@type\":\"ImageObject\",\"inLanguage\":\"de\",\"@id\":\"https:\\\/\\\/www.zanasi.net\\\/de\\\/#\\\/schema\\\/logo\\\/image\\\/\",\"url\":\"https:\\\/\\\/www.zanasi.net\\\/wp-content\\\/uploads\\\/2020\\\/01\\\/logo-zanasi-societa-agricola.jpg\",\"contentUrl\":\"https:\\\/\\\/www.zanasi.net\\\/wp-content\\\/uploads\\\/2020\\\/01\\\/logo-zanasi-societa-agricola.jpg\",\"width\":229,\"height\":119,\"caption\":\"Zanasi Societ\u00e0 Agricola\"},\"image\":{\"@id\":\"https:\\\/\\\/www.zanasi.net\\\/de\\\/#\\\/schema\\\/logo\\\/image\\\/\"}}]}<\/script>\n<!-- \/ Yoast SEO plugin. -->","yoast_head_json":{"title":"Kontakte - Zanasi Societ\u00e0 Agricola","description":"Sie ben\u00f6tigen Informationen \u00fcber uns und unsere Produkte? Z\u00f6gern Sie nicht, uns f\u00fcr jede Anfrage zu kontaktieren!","robots":{"index":"index","follow":"follow","max-snippet":"max-snippet:-1","max-image-preview":"max-image-preview:large","max-video-preview":"max-video-preview:-1"},"canonical":"https:\/\/www.zanasi.net\/de\/kontakte\/","og_locale":"de_DE","og_type":"article","og_title":"Kontakte - Zanasi Societ\u00e0 Agricola","og_description":"Sie ben\u00f6tigen Informationen \u00fcber uns und unsere Produkte? Z\u00f6gern Sie nicht, uns f\u00fcr jede Anfrage zu kontaktieren!","og_url":"https:\/\/www.zanasi.net\/de\/kontakte\/","og_site_name":"Zanasi Societ\u00e0 Agricola","article_modified_time":"2022-09-20T09:49:01+00:00","twitter_card":"summary_large_image","schema":{"@context":"https:\/\/schema.org","@graph":[{"@type":"WebPage","@id":"https:\/\/www.zanasi.net\/de\/kontakte\/","url":"https:\/\/www.zanasi.net\/de\/kontakte\/","name":"Kontakte - Zanasi Societ\u00e0 Agricola","isPartOf":{"@id":"https:\/\/www.zanasi.net\/de\/#website"},"datePublished":"2019-09-18T16:34:22+00:00","dateModified":"2022-09-20T09:49:01+00:00","description":"Sie ben\u00f6tigen Informationen \u00fcber uns und unsere Produkte? Z\u00f6gern Sie nicht, uns f\u00fcr jede Anfrage zu kontaktieren!","breadcrumb":{"@id":"https:\/\/www.zanasi.net\/de\/kontakte\/#breadcrumb"},"inLanguage":"de","potentialAction":[{"@type":"ReadAction","target":["https:\/\/www.zanasi.net\/de\/kontakte\/"]}]},{"@type":"BreadcrumbList","@id":"https:\/\/www.zanasi.net\/de\/kontakte\/#breadcrumb","itemListElement":[{"@type":"ListItem","position":1,"name":"Home","item":"https:\/\/www.zanasi.net\/de\/"},{"@type":"ListItem","position":2,"name":"Kontakte"}]},{"@type":"WebSite","@id":"https:\/\/www.zanasi.net\/de\/#website","url":"https:\/\/www.zanasi.net\/de\/","name":"Zanasi Societ\u00e0 Agricola","description":"Vini e Aceti D.O.P. da San Vito - Spilamberto","publisher":{"@id":"https:\/\/www.zanasi.net\/de\/#organization"},"potentialAction":[{"@type":"SearchAction","target":{"@type":"EntryPoint","urlTemplate":"https:\/\/www.zanasi.net\/de\/?s={search_term_string}"},"query-input":{"@type":"PropertyValueSpecification","valueRequired":true,"valueName":"search_term_string"}}],"inLanguage":"de"},{"@type":"Organization","@id":"https:\/\/www.zanasi.net\/de\/#organization","name":"Zanasi Societ\u00e0 Agricola","url":"https:\/\/www.zanasi.net\/de\/","logo":{"@type":"ImageObject","inLanguage":"de","@id":"https:\/\/www.zanasi.net\/de\/#\/schema\/logo\/image\/","url":"https:\/\/www.zanasi.net\/wp-content\/uploads\/2020\/01\/logo-zanasi-societa-agricola.jpg","contentUrl":"https:\/\/www.zanasi.net\/wp-content\/uploads\/2020\/01\/logo-zanasi-societa-agricola.jpg","width":229,"height":119,"caption":"Zanasi Societ\u00e0 Agricola"},"image":{"@id":"https:\/\/www.zanasi.net\/de\/#\/schema\/logo\/image\/"}}]}},"_links":{"self":[{"href":"https:\/\/www.zanasi.net\/de\/wp-json\/wp\/v2\/pages\/12042","targetHints":{"allow":["GET"]}}],"collection":[{"href":"https:\/\/www.zanasi.net\/de\/wp-json\/wp\/v2\/pages"}],"about":[{"href":"https:\/\/www.zanasi.net\/de\/wp-json\/wp\/v2\/types\/page"}],"author":[{"embeddable":true,"href":"https:\/\/www.zanasi.net\/de\/wp-json\/wp\/v2\/users\/1"}],"replies":[{"embeddable":true,"href":"https:\/\/www.zanasi.net\/de\/wp-json\/wp\/v2\/comments?post=12042"}],"version-history":[{"count":1,"href":"https:\/\/www.zanasi.net\/de\/wp-json\/wp\/v2\/pages\/12042\/revisions"}],"predecessor-version":[{"id":12043,"href":"https:\/\/www.zanasi.net\/de\/wp-json\/wp\/v2\/pages\/12042\/revisions\/12043"}],"wp:attachment":[{"href":"https:\/\/www.zanasi.net\/de\/wp-json\/wp\/v2\/media?parent=12042"}],"curies":[{"name":"wp","href":"https:\/\/api.w.org\/{rel}","templated":true}]}}