{"id":12084,"date":"2019-09-18T16:33:43","date_gmt":"2019-09-18T16:33:43","guid":{"rendered":"https:\/\/www.zanasi.net\/?page_id=12084"},"modified":"2022-09-21T16:02:41","modified_gmt":"2022-09-21T16:02:41","slug":"wer-wir-sind","status":"publish","type":"page","link":"https:\/\/www.zanasi.net\/de\/wer-wir-sind\/","title":{"rendered":"Wer wir sind"},"content":{"rendered":"<div class=\"wpb-content-wrapper\"><p>[vc_row][vc_column]\n\t\t\t\t<p class=\"rs-p-wp-fix\"><\/p>\n\t\t\t\t<sr7-module data-alias=\"chi-siamo\" data-id=\"4\" id=\"SR7_4_1\" class=\"rs-ov-hidden\" data-version=\"6.7.40\">\n\t\t\t\t\t<sr7-adjuster><\/sr7-adjuster>\n\t\t\t\t\t<sr7-content>\n\t\t\t\t\t\t<sr7-slide id=\"SR7_4_1-19\" data-key=\"19\">\n\t\t\t\t\t\t\t<sr7-txt id=\"SR7_4_1-19-1\" class=\"sr7-layer\">Weiter <i class=\"fa-long-arrow-right\"><\/i><\/sr7-txt>\n\t\t\t\t\t\t\t<sr7-txt id=\"SR7_4_1-19-6\" class=\"sr7-layer\">Weiter <i class=\"fa-long-arrow-right\"><\/i><\/sr7-txt>\n\t\t\t\t\t\t\t<sr7-txt id=\"SR7_4_1-19-7\" class=\"sr7-layer\">Der landwirtschaftliche Betrieb<\/sr7-txt>\n\t\t\t\t\t\t\t<h2 id=\"SR7_4_1-19-8\" class=\"sr7-layer\">\u00dcber 100 Jahre Tradition<\/h2>\n\t\t\t\t\t\t\t<sr7-txt id=\"SR7_4_1-19-9\" class=\"sr7-layer\">Leidenschaft und Erfahrung: Diese Eigenschaften leiten seit vier Generationen die Weinerzeugung der Familie Zanasi. Im Herzen des Anbaugebiets des Lambrusco Grasparossa di Castelvetro D.O.P. <br \/>\n<br \/>\nDer Betrieb erzeugt seine Weine in der Tradition der Naturbelassenheit und Einfachheit und bringt damit den aufrichtigen Geschmack eines gro\u00dfz\u00fcgigen und alten Bodens auf den Tisch.<\/sr7-txt>\n\t\t\t\t\t\t\t<sr7-txt id=\"SR7_4_1-19-10\" class=\"sr7-layer\">Der landwirtschaftliche Betrieb<\/sr7-txt>\n\t\t\t\t\t\t\t<h2 id=\"SR7_4_1-19-11\" class=\"sr7-layer\">\u00dcber 100 Jahre Tradition<\/h2>\n\t\t\t\t\t\t\t<sr7-txt id=\"SR7_4_1-19-12\" class=\"sr7-layer\">Leidenschaft und Erfahrung: Diese Eigenschaften leiten seit vier Generationen die Weinerzeugung der Familie Zanasi. Im Herzen des Anbaugebiets des Lambrusco Grasparossa di Castelvetro D.O.P. <br \/>\n<br \/>\nDer Betrieb erzeugt seine Weine in der Tradition der Naturbelassenheit und Einfachheit und bringt damit den aufrichtigen Geschmack eines gro\u00dfz\u00fcgigen und alten Bodens auf den Tisch.<\/sr7-txt>\n\t\t\t\t\t\t\t<sr7-txt id=\"SR7_4_1-19-15\" class=\"sr7-layer\">Weiter <i class=\"fas fa-long-arrow-right\"><\/i><\/sr7-txt>\n\t\t\t\t\t\t\t<sr7-txt id=\"SR7_4_1-19-16\" class=\"sr7-layer\">Der landwirtschaftliche Betrieb<\/sr7-txt>\n\t\t\t\t\t\t\t<h2 id=\"SR7_4_1-19-17\" class=\"sr7-layer\">\u00dcber 100 Jahre Tradition<\/h2>\n\t\t\t\t\t\t\t<sr7-txt id=\"SR7_4_1-19-18\" class=\"sr7-layer\">Leidenschaft und Erfahrung: Diese Eigenschaften leiten seit vier Generationen die Weinerzeugung der Familie Zanasi. Im Herzen des Anbaugebiets des Lambrusco Grasparossa di Castelvetro D.O.P. <br \/>\n<br \/>\nDer Betrieb erzeugt seine Weine in der Tradition der Naturbelassenheit und Einfachheit und bringt damit den aufrichtigen Geschmack eines gro\u00dfz\u00fcgigen und alten Bodens auf den Tisch.<\/sr7-txt>\n\t\t\t\t\t\t\t<sr7-txt id=\"SR7_4_1-19-33\" class=\"sr7-layer\">Weiter <i class=\"fa-long-arrow-right\"><\/i><\/sr7-txt>\n\t\t\t\t\t\t\t<sr7-txt id=\"SR7_4_1-19-34\" class=\"sr7-layer\">Der landwirtschaftliche Betrieb<\/sr7-txt>\n\t\t\t\t\t\t\t<h2 id=\"SR7_4_1-19-35\" class=\"sr7-layer\">\u00dcber 100 Jahre Tradition<\/h2>\n\t\t\t\t\t\t\t<sr7-txt id=\"SR7_4_1-19-36\" class=\"sr7-layer\">Leidenschaft und Erfahrung: Diese Eigenschaften leiten seit vier Generationen die Weinerzeugung der Familie Zanasi. Im Herzen des Anbaugebiets des Lambrusco Grasparossa di Castelvetro D.O.P. <br \/>\n<br \/>\nDer Betrieb erzeugt seine Weine in der Tradition der Naturbelassenheit und Einfachheit und bringt damit den aufrichtigen Geschmack eines gro\u00dfz\u00fcgigen und alten Bodens auf den Tisch.<\/sr7-txt>\n\t\t\t\t\t\t<\/sr7-slide>\n\t\t\t\t\t\t<sr7-slide id=\"SR7_4_1-31\" data-key=\"31\">\n\t\t\t\t\t\t\t<sr7-bg id=\"SR7_4_1-31-51\" class=\"sr7-layer\"><noscript><img decoding=\"async\" src=\"https:\/\/www.zanasi.net\/wp-content\/uploads\/2022\/08\/cantina-zanasi-generazioni-background.jpg\" alt=\"\" title=\"cantina-zanasi-generazioni-background\"><\/noscript><\/sr7-bg>\n\t\t\t\t\t\t\t<sr7-txt id=\"SR7_4_1-31-1\" class=\"sr7-layer\"><i class=\"fa-long-arrow-left\"><\/i> Zur\u00fcck<\/sr7-txt>\n\t\t\t\t\t\t\t<sr7-txt id=\"SR7_4_1-31-9\" class=\"sr7-layer\">Dank mehr als hundert Jahren Begeisterung  und Erfahrung erzeugt die Familie Zanasi Wein seit nicht weniger als vier Generationen. Alles begann 1883, dem Geburtsjahr von Luigi Zanasi, der m\u00fchselig das Land im Dienst der damaligen Gro\u00dfgrundbesitzer bearbeitete.  Um 1900 besch\u00e4ftigte er sich, neben seiner Arbeit auf dem Feld, auch mit Weinbau und richtete in seiner kleinen b\u00e4uerlichen Behausung einen bescheidenen Weinkeller mit acht kleinen Holzf\u00e4ssern zu 50 hl ein; den Wein fuhr er mit seinem Pferdekarren an die Wirtschaften  der umliegenden D\u00f6rfer aus. .<br \/>\n<br \/>\n1919 kam Bruno Zanasi zur Welt, der schon von klein auf mit der Landwirtschaft vertraut gemacht wurde, damit er einmal in die Fu\u00dfstapfen seines Vaters treten konnte.  1952, nach dem Kriegsende und der Gefangenschaft, heiratete er.  Aus der Ehe gingen  zwei Kinder hervor:  Marinella und Luigi (nach dem Gro\u00dfvater benannt, der inzwischen verstorben war; er besitzt heute eine Schweinezucht f\u00fcr die Herstellung von Modena- und Parmaschinken und einen Stall f\u00fcr die Produktion von Milch f\u00fcr Parmigiano Reggiano).  1978 erwarb Bruno, mit der Unterst\u00fctzung seiner Kinder, 11 Hektar Land vom Grafen Ranuzzi  Dei Bianchi  aus Bologna. Dies war der Beginn eines neuen Betriebs!<br \/>\n<br \/>\nIm Laufe der Jahre vergr\u00f6\u00dferte  Bruno sein Weingut durch den Zukauf weiterer Grundst\u00fccke in der N\u00e4he von Castelnuovo, Castelvetro.  Heute arbeitet im landwirtschaftlichen Betrieb au\u00dfer Marinella auch ihr Sohn Marco, der mit Hilfe seiner Frau Mara und dank des Vorbilds seines Gro\u00dfvaters Bruno den Betrieb leitet und das Werk fortf\u00fchrt, das dieser mit viel M\u00fche und Opfern geschaffen hat. Auch Matteo, sein Bruder, der sich allerdings  f\u00fcr eine T\u00e4tigkeit im Finanzbereich entschieden hat,  unterst\u00fctzt Marco mit gro\u00dfem Engagement im Familienbetrieb.  <br \/>\n<br \/>\nDies ist die Geschichte, die die Familie Zanasi seit Jahren weiterf\u00fchrt, indem sie beweist, was sie mit Innovation und Naturbelassenheit schaffen konnte... <br \/>\nDas Meisterwerk eines Lebens, das von Generation zu Generation weitergegeben wird...<br \/>\n<\/sr7-txt>\n\t\t\t\t\t\t\t<sr7-txt id=\"SR7_4_1-31-22\" class=\"sr7-layer\"><i class=\"fa-long-arrow-left\"><\/i> Zur\u00fcck<\/sr7-txt>\n\t\t\t\t\t\t\t<sr7-txt id=\"SR7_4_1-31-23\" class=\"sr7-layer\">Dank mehr als hundert Jahren Begeisterung  und Erfahrung erzeugt die Familie Zanasi Wein seit nicht weniger als vier Generationen. Alles begann 1883, dem Geburtsjahr von Luigi Zanasi, der m\u00fchselig das Land im Dienst der damaligen Gro\u00dfgrundbesitzer bearbeitete.  Um 1900 besch\u00e4ftigte er sich, neben seiner Arbeit auf dem Feld, auch mit Weinbau und richtete in seiner kleinen b\u00e4uerlichen Behausung einen bescheidenen Weinkeller mit acht kleinen Holzf\u00e4ssern zu 50 hl ein; den Wein fuhr er mit seinem Pferdekarren an die Wirtschaften  der umliegenden D\u00f6rfer aus. .<br \/>\n<br \/>\n1919 kam Bruno Zanasi zur Welt, der schon von klein auf mit der Landwirtschaft vertraut gemacht wurde, damit er einmal in die Fu\u00dfstapfen seines Vaters treten konnte.  1952, nach dem Kriegsende und der Gefangenschaft, heiratete er.  Aus der Ehe gingen  zwei Kinder hervor:  Marinella und Luigi (nach dem Gro\u00dfvater benannt, der inzwischen verstorben war; er besitzt heute eine Schweinezucht f\u00fcr die Herstellung von Modena- und Parmaschinken und einen Stall f\u00fcr die Produktion von Milch f\u00fcr Parmigiano Reggiano).  1978 erwarb Bruno, mit der Unterst\u00fctzung seiner Kinder, 11 Hektar Land vom Grafen Ranuzzi  Dei Bianchi  aus Bologna. Dies war der Beginn eines neuen Betriebs!<br \/>\n<br \/>\nIm Laufe der Jahre vergr\u00f6\u00dferte  Bruno sein Weingut durch den Zukauf weiterer Grundst\u00fccke in der N\u00e4he von Castelnuovo, Castelvetro.  Heute arbeitet im landwirtschaftlichen Betrieb au\u00dfer Marinella auch ihr Sohn Marco, der mit Hilfe seiner Frau Mara und dank des Vorbilds seines Gro\u00dfvaters Bruno den Betrieb leitet und das Werk fortf\u00fchrt, das dieser mit viel M\u00fche und Opfern geschaffen hat. Auch Matteo, sein Bruder, der sich allerdings  f\u00fcr eine T\u00e4tigkeit im Finanzbereich entschieden hat,  unterst\u00fctzt Marco mit gro\u00dfem Engagement im Familienbetrieb.  <br \/>\n<br \/>\nDies ist die Geschichte, die die Familie Zanasi seit Jahren weiterf\u00fchrt, indem sie beweist, was sie mit Innovation und Naturbelassenheit schaffen konnte... <br \/>\nDas Meisterwerk eines Lebens, das von Generation zu Generation weitergegeben wird...<br \/>\n<\/sr7-txt>\n\t\t\t\t\t\t\t<sr7-txt id=\"SR7_4_1-31-26\" class=\"sr7-layer\"><i class=\"fa-long-arrow-left\"><\/i> Zur\u00fcck<\/sr7-txt>\n\t\t\t\t\t\t\t<sr7-txt id=\"SR7_4_1-31-27\" class=\"sr7-layer\">Dank mehr als hundert Jahren Begeisterung  und Erfahrung erzeugt die Familie Zanasi Wein seit nicht weniger als vier Generationen. Alles begann 1883, dem Geburtsjahr von Luigi Zanasi, der m\u00fchselig das Land im Dienst der damaligen Gro\u00dfgrundbesitzer bearbeitete.  Um 1900 besch\u00e4ftigte er sich, neben seiner Arbeit auf dem Feld, auch mit Weinbau und richtete in seiner kleinen b\u00e4uerlichen Behausung einen bescheidenen Weinkeller mit acht kleinen Holzf\u00e4ssern zu 50 hl ein; den Wein fuhr er mit seinem Pferdekarren an die Wirtschaften  der umliegenden D\u00f6rfer aus. .<br \/>\n<br \/>\n1919 kam Bruno Zanasi zur Welt, der schon von klein auf mit der Landwirtschaft vertraut gemacht wurde, damit er einmal in die Fu\u00dfstapfen seines Vaters treten konnte.  1952, nach dem Kriegsende und der Gefangenschaft, heiratete er.  Aus der Ehe gingen  zwei Kinder hervor:  Marinella und Luigi (nach dem Gro\u00dfvater benannt, der inzwischen verstorben war; er besitzt heute eine Schweinezucht f\u00fcr die Herstellung von Modena- und Parmaschinken und einen Stall f\u00fcr die Produktion von Milch f\u00fcr Parmigiano Reggiano).  1978 erwarb Bruno, mit der Unterst\u00fctzung seiner Kinder, 11 Hektar Land vom Grafen Ranuzzi  Dei Bianchi  aus Bologna. Dies war der Beginn eines neuen Betriebs!<br \/>\n<br \/>\nIm Laufe der Jahre vergr\u00f6\u00dferte  Bruno sein Weingut durch den Zukauf weiterer Grundst\u00fccke in der N\u00e4he von Castelnuovo, Castelvetro.  Heute arbeitet im landwirtschaftlichen Betrieb au\u00dfer Marinella auch ihr Sohn Marco, der mit Hilfe seiner Frau Mara und dank des Vorbilds seines Gro\u00dfvaters Bruno den Betrieb leitet und das Werk fortf\u00fchrt, das dieser mit viel M\u00fche und Opfern geschaffen hat. Auch Matteo, sein Bruder, der sich allerdings  f\u00fcr eine T\u00e4tigkeit im Finanzbereich entschieden hat,  unterst\u00fctzt Marco mit gro\u00dfem Engagement im Familienbetrieb.  <br \/>\n<br \/>\nDies ist die Geschichte, die die Familie Zanasi seit Jahren weiterf\u00fchrt, indem sie beweist, was sie mit Innovation und Naturbelassenheit schaffen konnte... <br \/>\nDas Meisterwerk eines Lebens, das von Generation zu Generation weitergegeben wird...<br \/>\n<\/sr7-txt>\n\t\t\t\t\t\t\t<sr7-txt id=\"SR7_4_1-31-29\" class=\"sr7-layer\"><i class=\"fa-long-arrow-left\"><\/i> Zur\u00fcck<\/sr7-txt>\n\t\t\t\t\t\t\t<sr7-txt id=\"SR7_4_1-31-30\" class=\"sr7-layer\">Dank mehr als hundert Jahren Begeisterung  und Erfahrung erzeugt die Familie Zanasi Wein seit nicht weniger als vier Generationen. Alles begann 1883, dem Geburtsjahr von Luigi Zanasi, der m\u00fchselig das Land im Dienst der damaligen Gro\u00dfgrundbesitzer bearbeitete.  Um 1900 besch\u00e4ftigte er sich, neben seiner Arbeit auf dem Feld, auch mit Weinbau und richtete in seiner kleinen b\u00e4uerlichen Behausung einen bescheidenen Weinkeller mit acht kleinen Holzf\u00e4ssern zu 50 hl ein; den Wein fuhr er mit seinem Pferdekarren an die Wirtschaften  der umliegenden D\u00f6rfer aus. .<br \/>\n<br \/>\n1919 kam Bruno Zanasi zur Welt, der schon von klein auf mit der Landwirtschaft vertraut gemacht wurde, damit er einmal in die Fu\u00dfstapfen seines Vaters treten konnte.  1952, nach dem Kriegsende und der Gefangenschaft, heiratete er.  Aus der Ehe gingen  zwei Kinder hervor:  Marinella und Luigi (nach dem Gro\u00dfvater benannt, der inzwischen verstorben war; er besitzt heute eine Schweinezucht f\u00fcr die Herstellung von Modena- und Parmaschinken und einen Stall f\u00fcr die Produktion von Milch f\u00fcr Parmigiano Reggiano).  1978 erwarb Bruno, mit der Unterst\u00fctzung seiner Kinder, 11 Hektar Land vom Grafen Ranuzzi  Dei Bianchi  aus Bologna. Dies war der Beginn eines neuen Betriebs!<br \/>\n<br \/>\nIm Laufe der Jahre vergr\u00f6\u00dferte  Bruno sein Weingut durch den Zukauf weiterer Grundst\u00fccke in der N\u00e4he von Castelnuovo, Castelvetro.  Heute arbeitet im landwirtschaftlichen Betrieb au\u00dfer Marinella auch ihr Sohn Marco, der mit Hilfe seiner Frau Mara und dank des Vorbilds seines Gro\u00dfvaters Bruno den Betrieb leitet und das Werk fortf\u00fchrt, das dieser mit viel M\u00fche und Opfern geschaffen hat. Auch Matteo, sein Bruder, der sich allerdings  f\u00fcr eine T\u00e4tigkeit im Finanzbereich entschieden hat,  unterst\u00fctzt Marco mit gro\u00dfem Engagement im Familienbetrieb.  <br \/>\n<br \/>\nDies ist die Geschichte, die die Familie Zanasi seit Jahren weiterf\u00fchrt, indem sie beweist, was sie mit Innovation und Naturbelassenheit schaffen konnte... <br \/>\n<br \/>\nDas Meisterwerk eines Lebens, das von Generation zu Generation weitergegeben wird...<br \/>\n<\/sr7-txt>\n\t\t\t\t\t\t<\/sr7-slide>\n\t\t\t\t\t\t<sr7-slide id=\"SR7_4_1-57\" data-key=\"57\">\n\t\t\t\t\t\t<\/sr7-slide>\n\t\t\t\t\t<\/sr7-content>\n\t\t\t\t\t<image_lists style=\"display:none\">\n\t\t\t\t\t\t<img data-src=\"\/\/www.zanasi.net\/wp-content\/uploads\/2022\/07\/macchia-slider-monogramma-500x500-1.png\" data-libid=\"11715\" data-lib=\"medialibrary\" title=\"macchia-slider-monogramma-500&#215;500\" width=\"0\" height=\"0\" data-dbsrc=\"Ly93d3cuemFuYXNpLm5ldC93cC1jb250ZW50L3VwbG9hZHMvMjAyMi8wNy9tYWNjaGlhLXNsaWRlci1tb25vZ3JhbW1hLTUwMHg1MDAtMS5wbmc=\"\/>\n\t\t\t\t\t\t<img data-src=\"\/\/www.zanasi.net\/wp-content\/uploads\/2022\/12\/slider-generazioni-seppia-uwide.jpg\" data-libid=\"12122\" data-lib=\"medialibrary\" title=\"slider-generazioni-seppia-uwide\" width=\"0\" height=\"0\" data-dbsrc=\"Ly93d3cuemFuYXNpLm5ldC93cC1jb250ZW50L3VwbG9hZHMvMjAyMi8xMi9zbGlkZXItZ2VuZXJhemlvbmktc2VwcGlhLXV3aWRlLmpwZw==\"\/>\n\t\t\t\t\t\t<img data-src=\"\/\/www.zanasi.net\/wp-content\/uploads\/2022\/08\/cantina-zanasi-generazioni-background.jpg\" data-libid=\"11805\" data-lib=\"medialibrary\" title=\"cantina-zanasi-generazioni-background\" width=\"0\" height=\"0\" data-dbsrc=\"Ly93d3cuemFuYXNpLm5ldC93cC1jb250ZW50L3VwbG9hZHMvMjAyMi8wOC9jYW50aW5hLXphbmFzaS1nZW5lcmF6aW9uaS1iYWNrZ3JvdW5kLmpwZw==\"\/>\n\t\t\t\t\t<\/image_lists>\n\t\t\t\t<\/sr7-module>\n\t\t\t\t<script>\n\t\t\t\t\tSR7.PMH ??={}; SR7.PMH[\"SR7_4_1\"] = {cn:100,state:false,fn: function() { if (_tpt!==undefined && _tpt.prepareModuleHeight !== undefined) {  _tpt.prepareModuleHeight({id:\"SR7_4_1\",el:[1080,1080,960,1200,1024],type:'standard',shdw:'0',gh:[1080,1080,960,1200,1024],gw:[1326,1326,1024,778,480],vpt:['-200px&#039;,&#039;-200px&#039;,&#039;-200px&#039;,&#039;-200px&#039;,&#039;-200px'],size:{fullWidth:true, fullHeight:false},mh:'0',onh:0,onw:0,bg:{color:'{\"orig\":\"transparent\",\"type\":\"solid\",\"string\":\"transparent\"}'}});   SR7.PMH[\"SR7_4_1\"].state=true;} else if(SR7.PMH[\"SR7_4_1\"].cn-->0)\tsetTimeout( SR7.PMH[\"SR7_4_1\"].fn,19);}};SR7.PMH[\"SR7_4_1\" ].fn();\n\t\t\t\t<\/script>\n[\/vc_column][\/vc_row][vc_row full_width=&#8220;stretch_row_content_no_spaces&#8220; content_placement=&#8220;middle&#8220;][vc_column][vc_single_image image=&#8220;185&#8243; img_size=&#8220;full&#8220; alignment=&#8220;center&#8220; css_animation=&#8220;fadeIn&#8220; el_class=&#8220;mb-0&#8243;][\/vc_column][\/vc_row]<\/p>\n<\/div>","protected":false},"excerpt":{"rendered":"<p>[vc_row][vc_column][\/vc_column][\/vc_row][vc_row full_width=&#8220;stretch_row_content_no_spaces&#8220; content_placement=&#8220;middle&#8220;][vc_column][vc_single_image image=&#8220;185&#8243; img_size=&#8220;full&#8220; alignment=&#8220;center&#8220; css_animation=&#8220;fadeIn&#8220; el_class=&#8220;mb-0&#8243;][\/vc_column][\/vc_row]<\/p>\n","protected":false},"author":1,"featured_media":0,"parent":0,"menu_order":0,"comment_status":"closed","ping_status":"closed","template":"","meta":{"_acf_changed":false,"footnotes":""},"class_list":["post-12084","page","type-page","status-publish","hentry"],"acf":[],"yoast_head":"<!-- This site is optimized with the Yoast SEO plugin v27.5 - https:\/\/yoast.com\/product\/yoast-seo-wordpress\/ -->\n<title>Wer wir sind - Zanasi Societ\u00e0 Agricola<\/title>\n<meta name=\"description\" content=\"Wer wir sind - Zanasi Societ\u00e0 Agricola\" \/>\n<meta name=\"robots\" content=\"index, follow, max-snippet:-1, max-image-preview:large, max-video-preview:-1\" \/>\n<link rel=\"canonical\" href=\"https:\/\/www.zanasi.net\/de\/wer-wir-sind\/\" \/>\n<meta property=\"og:locale\" content=\"de_DE\" \/>\n<meta property=\"og:type\" content=\"article\" \/>\n<meta property=\"og:title\" content=\"Wer wir sind - Zanasi Societ\u00e0 Agricola\" \/>\n<meta property=\"og:description\" content=\"Wer wir sind - Zanasi Societ\u00e0 Agricola\" \/>\n<meta property=\"og:url\" content=\"https:\/\/www.zanasi.net\/de\/wer-wir-sind\/\" \/>\n<meta property=\"og:site_name\" content=\"Zanasi Societ\u00e0 Agricola\" \/>\n<meta property=\"article:modified_time\" content=\"2022-09-21T16:02:41+00:00\" \/>\n<meta name=\"twitter:card\" content=\"summary_large_image\" \/>\n<script type=\"application\/ld+json\" class=\"yoast-schema-graph\">{\"@context\":\"https:\\\/\\\/schema.org\",\"@graph\":[{\"@type\":\"WebPage\",\"@id\":\"https:\\\/\\\/www.zanasi.net\\\/de\\\/wer-wir-sind\\\/\",\"url\":\"https:\\\/\\\/www.zanasi.net\\\/de\\\/wer-wir-sind\\\/\",\"name\":\"Wer wir sind - Zanasi Societ\u00e0 Agricola\",\"isPartOf\":{\"@id\":\"https:\\\/\\\/www.zanasi.net\\\/de\\\/#website\"},\"datePublished\":\"2019-09-18T16:33:43+00:00\",\"dateModified\":\"2022-09-21T16:02:41+00:00\",\"description\":\"Wer wir sind - Zanasi Societ\u00e0 Agricola\",\"breadcrumb\":{\"@id\":\"https:\\\/\\\/www.zanasi.net\\\/de\\\/wer-wir-sind\\\/#breadcrumb\"},\"inLanguage\":\"de\",\"potentialAction\":[{\"@type\":\"ReadAction\",\"target\":[\"https:\\\/\\\/www.zanasi.net\\\/de\\\/wer-wir-sind\\\/\"]}]},{\"@type\":\"BreadcrumbList\",\"@id\":\"https:\\\/\\\/www.zanasi.net\\\/de\\\/wer-wir-sind\\\/#breadcrumb\",\"itemListElement\":[{\"@type\":\"ListItem\",\"position\":1,\"name\":\"Home\",\"item\":\"https:\\\/\\\/www.zanasi.net\\\/de\\\/\"},{\"@type\":\"ListItem\",\"position\":2,\"name\":\"Wer wir sind\"}]},{\"@type\":\"WebSite\",\"@id\":\"https:\\\/\\\/www.zanasi.net\\\/de\\\/#website\",\"url\":\"https:\\\/\\\/www.zanasi.net\\\/de\\\/\",\"name\":\"Zanasi Societ\u00e0 Agricola\",\"description\":\"Vini e Aceti D.O.P. da San Vito - Spilamberto\",\"publisher\":{\"@id\":\"https:\\\/\\\/www.zanasi.net\\\/de\\\/#organization\"},\"potentialAction\":[{\"@type\":\"SearchAction\",\"target\":{\"@type\":\"EntryPoint\",\"urlTemplate\":\"https:\\\/\\\/www.zanasi.net\\\/de\\\/?s={search_term_string}\"},\"query-input\":{\"@type\":\"PropertyValueSpecification\",\"valueRequired\":true,\"valueName\":\"search_term_string\"}}],\"inLanguage\":\"de\"},{\"@type\":\"Organization\",\"@id\":\"https:\\\/\\\/www.zanasi.net\\\/de\\\/#organization\",\"name\":\"Zanasi Societ\u00e0 Agricola\",\"url\":\"https:\\\/\\\/www.zanasi.net\\\/de\\\/\",\"logo\":{\"@type\":\"ImageObject\",\"inLanguage\":\"de\",\"@id\":\"https:\\\/\\\/www.zanasi.net\\\/de\\\/#\\\/schema\\\/logo\\\/image\\\/\",\"url\":\"https:\\\/\\\/www.zanasi.net\\\/wp-content\\\/uploads\\\/2020\\\/01\\\/logo-zanasi-societa-agricola.jpg\",\"contentUrl\":\"https:\\\/\\\/www.zanasi.net\\\/wp-content\\\/uploads\\\/2020\\\/01\\\/logo-zanasi-societa-agricola.jpg\",\"width\":229,\"height\":119,\"caption\":\"Zanasi Societ\u00e0 Agricola\"},\"image\":{\"@id\":\"https:\\\/\\\/www.zanasi.net\\\/de\\\/#\\\/schema\\\/logo\\\/image\\\/\"}}]}<\/script>\n<!-- \/ Yoast SEO plugin. -->","yoast_head_json":{"title":"Wer wir sind - Zanasi Societ\u00e0 Agricola","description":"Wer wir sind - Zanasi Societ\u00e0 Agricola","robots":{"index":"index","follow":"follow","max-snippet":"max-snippet:-1","max-image-preview":"max-image-preview:large","max-video-preview":"max-video-preview:-1"},"canonical":"https:\/\/www.zanasi.net\/de\/wer-wir-sind\/","og_locale":"de_DE","og_type":"article","og_title":"Wer wir sind - Zanasi Societ\u00e0 Agricola","og_description":"Wer wir sind - Zanasi Societ\u00e0 Agricola","og_url":"https:\/\/www.zanasi.net\/de\/wer-wir-sind\/","og_site_name":"Zanasi Societ\u00e0 Agricola","article_modified_time":"2022-09-21T16:02:41+00:00","twitter_card":"summary_large_image","schema":{"@context":"https:\/\/schema.org","@graph":[{"@type":"WebPage","@id":"https:\/\/www.zanasi.net\/de\/wer-wir-sind\/","url":"https:\/\/www.zanasi.net\/de\/wer-wir-sind\/","name":"Wer wir sind - Zanasi Societ\u00e0 Agricola","isPartOf":{"@id":"https:\/\/www.zanasi.net\/de\/#website"},"datePublished":"2019-09-18T16:33:43+00:00","dateModified":"2022-09-21T16:02:41+00:00","description":"Wer wir sind - Zanasi Societ\u00e0 Agricola","breadcrumb":{"@id":"https:\/\/www.zanasi.net\/de\/wer-wir-sind\/#breadcrumb"},"inLanguage":"de","potentialAction":[{"@type":"ReadAction","target":["https:\/\/www.zanasi.net\/de\/wer-wir-sind\/"]}]},{"@type":"BreadcrumbList","@id":"https:\/\/www.zanasi.net\/de\/wer-wir-sind\/#breadcrumb","itemListElement":[{"@type":"ListItem","position":1,"name":"Home","item":"https:\/\/www.zanasi.net\/de\/"},{"@type":"ListItem","position":2,"name":"Wer wir sind"}]},{"@type":"WebSite","@id":"https:\/\/www.zanasi.net\/de\/#website","url":"https:\/\/www.zanasi.net\/de\/","name":"Zanasi Societ\u00e0 Agricola","description":"Vini e Aceti D.O.P. da San Vito - Spilamberto","publisher":{"@id":"https:\/\/www.zanasi.net\/de\/#organization"},"potentialAction":[{"@type":"SearchAction","target":{"@type":"EntryPoint","urlTemplate":"https:\/\/www.zanasi.net\/de\/?s={search_term_string}"},"query-input":{"@type":"PropertyValueSpecification","valueRequired":true,"valueName":"search_term_string"}}],"inLanguage":"de"},{"@type":"Organization","@id":"https:\/\/www.zanasi.net\/de\/#organization","name":"Zanasi Societ\u00e0 Agricola","url":"https:\/\/www.zanasi.net\/de\/","logo":{"@type":"ImageObject","inLanguage":"de","@id":"https:\/\/www.zanasi.net\/de\/#\/schema\/logo\/image\/","url":"https:\/\/www.zanasi.net\/wp-content\/uploads\/2020\/01\/logo-zanasi-societa-agricola.jpg","contentUrl":"https:\/\/www.zanasi.net\/wp-content\/uploads\/2020\/01\/logo-zanasi-societa-agricola.jpg","width":229,"height":119,"caption":"Zanasi Societ\u00e0 Agricola"},"image":{"@id":"https:\/\/www.zanasi.net\/de\/#\/schema\/logo\/image\/"}}]}},"_links":{"self":[{"href":"https:\/\/www.zanasi.net\/de\/wp-json\/wp\/v2\/pages\/12084","targetHints":{"allow":["GET"]}}],"collection":[{"href":"https:\/\/www.zanasi.net\/de\/wp-json\/wp\/v2\/pages"}],"about":[{"href":"https:\/\/www.zanasi.net\/de\/wp-json\/wp\/v2\/types\/page"}],"author":[{"embeddable":true,"href":"https:\/\/www.zanasi.net\/de\/wp-json\/wp\/v2\/users\/1"}],"replies":[{"embeddable":true,"href":"https:\/\/www.zanasi.net\/de\/wp-json\/wp\/v2\/comments?post=12084"}],"version-history":[{"count":2,"href":"https:\/\/www.zanasi.net\/de\/wp-json\/wp\/v2\/pages\/12084\/revisions"}],"predecessor-version":[{"id":12086,"href":"https:\/\/www.zanasi.net\/de\/wp-json\/wp\/v2\/pages\/12084\/revisions\/12086"}],"wp:attachment":[{"href":"https:\/\/www.zanasi.net\/de\/wp-json\/wp\/v2\/media?parent=12084"}],"curies":[{"name":"wp","href":"https:\/\/api.w.org\/{rel}","templated":true}]}}