{"id":12101,"date":"2022-08-19T15:18:02","date_gmt":"2022-08-19T15:18:02","guid":{"rendered":"https:\/\/www.zanasi.net\/?page_id=12101"},"modified":"2022-10-10T16:08:10","modified_gmt":"2022-10-10T16:08:10","slug":"weinberge","status":"publish","type":"page","link":"https:\/\/www.zanasi.net\/de\/weinberge\/","title":{"rendered":"Weinberge"},"content":{"rendered":"<div class=\"wpb-content-wrapper\"><p>[vc_row][vc_column]\n\t\t\t\t<p class=\"rs-p-wp-fix\"><\/p>\n\t\t\t\t<sr7-module data-alias=\"home-video\" data-id=\"6\" id=\"SR7_6_1\" class=\"rs-ov-hidden\" data-version=\"6.7.40\">\n\t\t\t\t\t<sr7-adjuster><\/sr7-adjuster>\n\t\t\t\t\t<sr7-content>\n\t\t\t\t\t\t<sr7-slide id=\"SR7_6_1-43\" data-key=\"43\">\n\t\t\t\t\t\t\t<sr7-txt id=\"SR7_6_1-43-1\" class=\"sr7-layer\">Unsere Weinberge<\/sr7-txt>\n\t\t\t\t\t\t\t<sr7-txt id=\"SR7_6_1-43-2\" class=\"sr7-layer\">Boden, Tradition und Natur.<\/sr7-txt>\n\t\t\t\t\t\t\t<sr7-txt id=\"SR7_6_1-43-3\" class=\"sr7-layer\">Unsere besten Weinberge<\/sr7-txt>\n\t\t\t\t\t\t\t<sr7-txt id=\"SR7_6_1-43-34\" class=\"sr7-layer\">Unsere Weinberge<\/sr7-txt>\n\t\t\t\t\t\t\t<sr7-txt id=\"SR7_6_1-43-35\" class=\"sr7-layer\">Boden, Tradition und Natur.<\/sr7-txt>\n\t\t\t\t\t\t\t<sr7-txt id=\"SR7_6_1-43-36\" class=\"sr7-layer\">Unsere besten Weinberge<\/sr7-txt>\n\t\t\t\t\t\t\t<sr7-txt id=\"SR7_6_1-43-38\" class=\"sr7-layer\">Unsere Weinberge<\/sr7-txt>\n\t\t\t\t\t\t\t<sr7-txt id=\"SR7_6_1-43-39\" class=\"sr7-layer\">Boden, Tradition und Natur.<\/sr7-txt>\n\t\t\t\t\t\t\t<sr7-txt id=\"SR7_6_1-43-40\" class=\"sr7-layer\">Unsere besten Weinberge<\/sr7-txt>\n\t\t\t\t\t\t\t<sr7-txt id=\"SR7_6_1-43-42\" class=\"sr7-layer\">Unsere Weinberge<\/sr7-txt>\n\t\t\t\t\t\t\t<sr7-txt id=\"SR7_6_1-43-43\" class=\"sr7-layer\">Boden, Tradition und Natur.<\/sr7-txt>\n\t\t\t\t\t\t\t<sr7-txt id=\"SR7_6_1-43-44\" class=\"sr7-layer\">Unsere besten Weinberge<\/sr7-txt>\n\t\t\t\t\t\t<\/sr7-slide>\n\t\t\t\t\t\t<sr7-slide id=\"SR7_6_1-46\" data-key=\"46\">\n\t\t\t\t\t\t\t<sr7-txt id=\"SR7_6_1-46-48\" class=\"sr7-layer\">La Collina<\/sr7-txt>\n\t\t\t\t\t\t\t<sr7-txt id=\"SR7_6_1-46-49\" class=\"sr7-layer\">Castelvetro di Modena - Lambrusco Grasparossa di Castelvetro<\/sr7-txt>\n\t\t\t\t\t\t\t<sr7-txt id=\"SR7_6_1-46-50\" class=\"sr7-layer\">Es liegt auf ca. 350 m Meeresh\u00f6he und bringt dank seiner Lage nach Osten und seinem Lehmboden Trauben hervor, die einen sehr fruchtigen Wein mit Noten von schwarzen Beerenfr\u00fcchten, einem gro\u00dfen K\u00f6rper und hohem Alkoholgehalt ergeben.<\/sr7-txt>\n\t\t\t\t\t\t\t<sr7-txt id=\"SR7_6_1-46-61\" class=\"sr7-layer\">Il Secolare<br \/>\n<\/sr7-txt>\n\t\t\t\t\t\t\t<sr7-txt id=\"SR7_6_1-46-62\" class=\"sr7-layer\">Castelvetro di Modena - Lambrusco Grasparossa di Castelvetro<\/sr7-txt>\n\t\t\t\t\t\t\t<sr7-txt id=\"SR7_6_1-46-63\" class=\"sr7-layer\">Der Weinberg, den ich in mein Herz geschlossen habe,  ist zwar nicht so aufregend, weil er nur 90 Meter \u00fcber dem Meeresspiegel liegt, aber hier gibt es viel Geschichte mit einer perfekten Kombination aus Lehm-, Sand- und Kalksteinboden.  Es ist ein Weinberg mit der \u00fcberlieferten Baumerziehung, die man sonst hier nirgendwo mehr sieht: ganz wenige Reben pro Hektar, die sehr duftende Trauben hervorbringen.   Der Duft der roten Trauben, die auf diesem Weinberg wachsen, explosiv und komplex, ist einzigartig.  <\/sr7-txt>\n\t\t\t\t\t\t\t<sr7-txt id=\"SR7_6_1-46-66\" class=\"sr7-layer\">Il Cristo<br \/>\n<\/sr7-txt>\n\t\t\t\t\t\t\t<sr7-txt id=\"SR7_6_1-46-67\" class=\"sr7-layer\">Localit\u00e0 di Bomporto - Lambrusco di Sorbara<\/sr7-txt>\n\t\t\t\t\t\t\t<sr7-txt id=\"SR7_6_1-46-68\" class=\"sr7-layer\">Er liegt im Umkreis von Bomporto, in einer urspr\u00fcnglich sumpfigen Ebene, die von den Fl\u00fcssen Secchia und Panaro durchzogen wird; sie entspringen im Apennin,  weshalb dieses Gebiet nie ohne Wasser war. Der Unterboden ist \u00fcberwiegend sandig und garantiert so eine gute Entw\u00e4sserung; au\u00dferdem ist er reich an Kalium.  So k\u00f6nnen wir Trauben ernten, die  uns einen Wein mit ausgepr\u00e4gter S\u00e4ure garantieren, reich an feinen und eleganten Aromen wie Rose, Erdbeere, rosa Grapefruit und Orangenschale.<\/sr7-txt>\n\t\t\t\t\t\t\t<sr7-txt id=\"SR7_6_1-46-69\" class=\"sr7-layer\">Der zuk\u00fcnftige Weinberg<\/sr7-txt>\n\t\t\t\t\t\t\t<sr7-txt id=\"SR7_6_1-46-70\" class=\"sr7-layer\">In collina a Castelvetro di Modena - Lambrusco Grasparossa di Castelvetro<\/sr7-txt>\n\t\t\t\t\t\t\t<sr7-txt id=\"SR7_6_1-46-71\" class=\"sr7-layer\">Dieses 3 ha gro\u00dfe Grundst\u00fcck ist mein erster gro\u00dfer Schritt allein nach dem Erbe meines Gro\u00dfvaters. Darauf bin ich sehr stolz, vor allem, weil es sich hier um ein ganz besonderes Gebiet handelt: Hier wurde n\u00e4mlich der Lambrusco Grasparossa di Castelvetro ins Leben gerufen, und das Gebiet steht unter der Schutzherrschaft  der  Aufsichtsbeh\u00f6rde des Ministeriums f\u00fcr Kulturg\u00fcter und kulturelle Aktivit\u00e4ten in Bologna, die auch die Landschaftsg\u00fcter  unserer Region verwaltet.  Es ist ein furchendurchzogenes  Gel\u00e4nde mit Lehmboden, was sehr wichtig f\u00fcr die Struktur und die intensive Farbe des Weins ist.  Diese Merkmale werden meinen Wein weiter bereichern.  Im Moment ist hier nur Erde, aber bald wird mein Wein darauf wachsen.  <\/sr7-txt>\n\t\t\t\t\t\t\t<sr7-txt id=\"SR7_6_1-46-74\" class=\"sr7-layer\">La Collina<\/sr7-txt>\n\t\t\t\t\t\t\t<sr7-txt id=\"SR7_6_1-46-75\" class=\"sr7-layer\">Castelvetro di Modena - Lambrusco Grasparossa di Castelvetro<\/sr7-txt>\n\t\t\t\t\t\t\t<sr7-txt id=\"SR7_6_1-46-76\" class=\"sr7-layer\">Es liegt auf ca. 350 m Meeresh\u00f6he und bringt dank seiner Lage nach Osten und seinem Lehmboden Trauben hervor, die einen sehr fruchtigen Wein mit Noten von schwarzen Beerenfr\u00fcchten, einem gro\u00dfen K\u00f6rper und hohem Alkoholgehalt ergeben.<\/sr7-txt>\n\t\t\t\t\t\t\t<sr7-txt id=\"SR7_6_1-46-78\" class=\"sr7-layer\">Il Secolare<br \/>\n<\/sr7-txt>\n\t\t\t\t\t\t\t<sr7-txt id=\"SR7_6_1-46-79\" class=\"sr7-layer\">Castelvetro di Modena - Lambrusco Grasparossa di Castelvetro<\/sr7-txt>\n\t\t\t\t\t\t\t<sr7-txt id=\"SR7_6_1-46-80\" class=\"sr7-layer\">Der Weinberg, den ich in mein Herz geschlossen habe,  ist zwar nicht so aufregend, weil er nur 90 Meter \u00fcber dem Meeresspiegel liegt, aber hier gibt es viel Geschichte mit einer perfekten Kombination aus Lehm-, Sand- und Kalksteinboden.  Es ist ein Weinberg mit der \u00fcberlieferten Baumerziehung, die man sonst hier nirgendwo mehr sieht: ganz wenige Reben pro Hektar, die sehr duftende Trauben hervorbringen.   Der Duft der roten Trauben, die auf diesem Weinberg wachsen, explosiv und komplex, ist einzigartig.  <\/sr7-txt>\n\t\t\t\t\t\t\t<sr7-txt id=\"SR7_6_1-46-83\" class=\"sr7-layer\">Il Cristo<br \/>\n<\/sr7-txt>\n\t\t\t\t\t\t\t<sr7-txt id=\"SR7_6_1-46-84\" class=\"sr7-layer\">Localit\u00e0 di Bomporto - Lambrusco di Sorbara<\/sr7-txt>\n\t\t\t\t\t\t\t<sr7-txt id=\"SR7_6_1-46-85\" class=\"sr7-layer\">Er liegt im Umkreis von Bomporto, in einer urspr\u00fcnglich sumpfigen Ebene, die von den Fl\u00fcssen Secchia und Panaro durchzogen wird; sie entspringen im Apennin,  weshalb dieses Gebiet nie ohne Wasser war. Der Unterboden ist \u00fcberwiegend sandig und garantiert so eine gute Entw\u00e4sserung; au\u00dferdem ist er reich an Kalium.  So k\u00f6nnen wir Trauben ernten, die  uns einen Wein mit ausgepr\u00e4gter S\u00e4ure garantieren, reich an feinen und eleganten Aromen wie Rose, Erdbeere, rosa Grapefruit und Orangenschale.<\/sr7-txt>\n\t\t\t\t\t\t\t<sr7-txt id=\"SR7_6_1-46-86\" class=\"sr7-layer\">Der zuk\u00fcnftige Weinberg<\/sr7-txt>\n\t\t\t\t\t\t\t<sr7-txt id=\"SR7_6_1-46-87\" class=\"sr7-layer\">In collina a Castelvetro di Modena - Lambrusco Grasparossa di Castelvetro<\/sr7-txt>\n\t\t\t\t\t\t\t<sr7-txt id=\"SR7_6_1-46-88\" class=\"sr7-layer\">Dieses 3 ha gro\u00dfe Grundst\u00fcck ist mein erster gro\u00dfer Schritt allein nach dem Erbe meines Gro\u00dfvaters. Darauf bin ich sehr stolz, vor allem, weil es sich hier um ein ganz besonderes Gebiet handelt: Hier wurde n\u00e4mlich der Lambrusco Grasparossa di Castelvetro ins Leben gerufen, und das Gebiet steht unter der Schutzherrschaft  der  Aufsichtsbeh\u00f6rde des Ministeriums f\u00fcr Kulturg\u00fcter und kulturelle Aktivit\u00e4ten in Bologna, die auch die Landschaftsg\u00fcter  unserer Region verwaltet.  Es ist ein furchendurchzogenes  Gel\u00e4nde mit Lehmboden, was sehr wichtig f\u00fcr die Struktur und die intensive Farbe des Weins ist.  Diese Merkmale werden meinen Wein weiter bereichern.  Im Moment ist hier nur Erde, aber bald wird mein Wein darauf wachsen.  <\/sr7-txt>\n\t\t\t\t\t\t\t<sr7-txt id=\"SR7_6_1-46-91\" class=\"sr7-layer\">La Collina<\/sr7-txt>\n\t\t\t\t\t\t\t<sr7-txt id=\"SR7_6_1-46-92\" class=\"sr7-layer\">Castelvetro di Modena<br \/>\nLambrusco Grasparossa di Castelvetro<\/sr7-txt>\n\t\t\t\t\t\t\t<sr7-txt id=\"SR7_6_1-46-93\" class=\"sr7-layer\">Es liegt auf ca. 350 m Meeresh\u00f6he und bringt dank seiner Lage nach Osten und seinem Lehmboden Trauben hervor, die einen sehr fruchtigen Wein mit Noten von schwarzen Beerenfr\u00fcchten, einem gro\u00dfen K\u00f6rper und hohem Alkoholgehalt ergeben.<\/sr7-txt>\n\t\t\t\t\t\t\t<sr7-txt id=\"SR7_6_1-46-95\" class=\"sr7-layer\">Il Secolare<br \/>\n<\/sr7-txt>\n\t\t\t\t\t\t\t<sr7-txt id=\"SR7_6_1-46-96\" class=\"sr7-layer\">Castelvetro di Modena<br \/>\nLambrusco Grasparossa di Castelvetro<\/sr7-txt>\n\t\t\t\t\t\t\t<sr7-txt id=\"SR7_6_1-46-97\" class=\"sr7-layer\">Der Weinberg, den ich in mein Herz geschlossen habe,  ist zwar nicht so aufregend, weil er nur 90 Meter \u00fcber dem Meeresspiegel liegt, aber hier gibt es viel Geschichte mit einer perfekten Kombination aus Lehm-, Sand- und Kalksteinboden.  Es ist ein Weinberg mit der \u00fcberlieferten Baumerziehung, die man sonst hier nirgendwo mehr sieht: ganz wenige Reben pro Hektar, die sehr duftende Trauben hervorbringen.   Der Duft der roten Trauben, die auf diesem Weinberg wachsen, explosiv und komplex, ist einzigartig.  <\/sr7-txt>\n\t\t\t\t\t\t\t<sr7-txt id=\"SR7_6_1-46-100\" class=\"sr7-layer\">Il Cristo<br \/>\n<\/sr7-txt>\n\t\t\t\t\t\t\t<sr7-txt id=\"SR7_6_1-46-101\" class=\"sr7-layer\">Localit\u00e0 di Bomporto<br \/>\nLambrusco di Sorbara<\/sr7-txt>\n\t\t\t\t\t\t\t<sr7-txt id=\"SR7_6_1-46-102\" class=\"sr7-layer\">Er liegt im Umkreis von Bomporto, in einer urspr\u00fcnglich sumpfigen Ebene, die von den Fl\u00fcssen Secchia und Panaro durchzogen wird; sie entspringen im Apennin,  weshalb dieses Gebiet nie ohne Wasser war. Der Unterboden ist \u00fcberwiegend sandig und garantiert so eine gute Entw\u00e4sserung; au\u00dferdem ist er reich an Kalium.  So k\u00f6nnen wir Trauben ernten, die  uns einen Wein mit ausgepr\u00e4gter S\u00e4ure garantieren, reich an feinen und eleganten Aromen wie Rose, Erdbeere, rosa Grapefruit und Orangenschale.<\/sr7-txt>\n\t\t\t\t\t\t\t<sr7-txt id=\"SR7_6_1-46-103\" class=\"sr7-layer\">Der zuk\u00fcnftige Weinberg<\/sr7-txt>\n\t\t\t\t\t\t\t<sr7-txt id=\"SR7_6_1-46-104\" class=\"sr7-layer\">In collina a Castelvetro di Modena<br \/>\nLambrusco Grasparossa di Castelvetro<\/sr7-txt>\n\t\t\t\t\t\t\t<sr7-txt id=\"SR7_6_1-46-105\" class=\"sr7-layer\">Dieses 3 ha gro\u00dfe Grundst\u00fcck ist mein erster gro\u00dfer Schritt allein nach dem Erbe meines Gro\u00dfvaters. Darauf bin ich sehr stolz, vor allem, weil es sich hier um ein ganz besonderes Gebiet handelt: Hier wurde n\u00e4mlich der Lambrusco Grasparossa di Castelvetro ins Leben gerufen, und das Gebiet steht unter der Schutzherrschaft  der  Aufsichtsbeh\u00f6rde des Ministeriums f\u00fcr Kulturg\u00fcter und kulturelle Aktivit\u00e4ten in Bologna, die auch die Landschaftsg\u00fcter  unserer Region verwaltet.  Es ist ein furchendurchzogenes  Gel\u00e4nde mit Lehmboden, was sehr wichtig f\u00fcr die Struktur und die intensive Farbe des Weins ist.  Diese Merkmale werden meinen Wein weiter bereichern.  Im Moment ist hier nur Erde, aber bald wird mein Wein darauf wachsen.  <\/sr7-txt>\n\t\t\t\t\t\t\t<sr7-txt id=\"SR7_6_1-46-108\" class=\"sr7-layer\">La Collina<\/sr7-txt>\n\t\t\t\t\t\t\t<sr7-txt id=\"SR7_6_1-46-109\" class=\"sr7-layer\">Castelvetro di Modena<br \/>\nLambrusco Grasparossa di Castelvetro<\/sr7-txt>\n\t\t\t\t\t\t\t<sr7-txt id=\"SR7_6_1-46-110\" class=\"sr7-layer\">Es liegt auf ca. 350 m Meeresh\u00f6he und bringt dank seiner Lage nach Osten und seinem Lehmboden Trauben hervor, die einen sehr fruchtigen Wein mit Noten von schwarzen Beerenfr\u00fcchten, einem gro\u00dfen K\u00f6rper und hohem Alkoholgehalt ergeben.<\/sr7-txt>\n\t\t\t\t\t\t\t<sr7-txt id=\"SR7_6_1-46-112\" class=\"sr7-layer\">Il Secolare<br \/>\n<\/sr7-txt>\n\t\t\t\t\t\t\t<sr7-txt id=\"SR7_6_1-46-113\" class=\"sr7-layer\">Castelvetro di Modena<br \/>\nLambrusco Grasparossa di Castelvetro<\/sr7-txt>\n\t\t\t\t\t\t\t<sr7-txt id=\"SR7_6_1-46-114\" class=\"sr7-layer\">Der Weinberg, den ich in mein Herz geschlossen habe,  ist zwar nicht so aufregend, weil er nur 90 Meter \u00fcber dem Meeresspiegel liegt, aber hier gibt es viel Geschichte mit einer perfekten Kombination aus Lehm-, Sand- und Kalksteinboden.  Es ist ein Weinberg mit der \u00fcberlieferten Baumerziehung, die man sonst hier nirgendwo mehr sieht: ganz wenige Reben pro Hektar, die sehr duftende Trauben hervorbringen.   Der Duft der roten Trauben, die auf diesem Weinberg wachsen, explosiv und komplex, ist einzigartig.  <\/sr7-txt>\n\t\t\t\t\t\t\t<sr7-txt id=\"SR7_6_1-46-117\" class=\"sr7-layer\">Il Cristo<br \/>\n<\/sr7-txt>\n\t\t\t\t\t\t\t<sr7-txt id=\"SR7_6_1-46-118\" class=\"sr7-layer\">Localit\u00e0 di Bomporto<br \/>\nLambrusco di Sorbara<\/sr7-txt>\n\t\t\t\t\t\t\t<sr7-txt id=\"SR7_6_1-46-119\" class=\"sr7-layer\">Er liegt im Umkreis von Bomporto, in einer urspr\u00fcnglich sumpfigen Ebene, die von den Fl\u00fcssen Secchia und Panaro durchzogen wird; sie entspringen im Apennin,  weshalb dieses Gebiet nie ohne Wasser war. Der Unterboden ist \u00fcberwiegend sandig und garantiert so eine gute Entw\u00e4sserung; au\u00dferdem ist er reich an Kalium.  So k\u00f6nnen wir Trauben ernten, die  uns einen Wein mit ausgepr\u00e4gter S\u00e4ure garantieren, reich an feinen und eleganten Aromen wie Rose, Erdbeere, rosa Grapefruit und Orangenschale.<\/sr7-txt>\n\t\t\t\t\t\t\t<sr7-txt id=\"SR7_6_1-46-120\" class=\"sr7-layer\">Der zuk\u00fcnftige Weinberg<\/sr7-txt>\n\t\t\t\t\t\t\t<sr7-txt id=\"SR7_6_1-46-121\" class=\"sr7-layer\">In collina a Castelvetro di Modena<br \/>\nLambrusco Grasparossa di Castelvetro<\/sr7-txt>\n\t\t\t\t\t\t\t<sr7-txt id=\"SR7_6_1-46-122\" class=\"sr7-layer\">Dieses 3 ha gro\u00dfe Grundst\u00fcck ist mein erster gro\u00dfer Schritt allein nach dem Erbe meines Gro\u00dfvaters. Darauf bin ich sehr stolz, vor allem, weil es sich hier um ein ganz besonderes Gebiet handelt: Hier wurde n\u00e4mlich der Lambrusco Grasparossa di Castelvetro ins Leben gerufen, und das Gebiet steht unter der Schutzherrschaft  der  Aufsichtsbeh\u00f6rde des Ministeriums f\u00fcr Kulturg\u00fcter und kulturelle Aktivit\u00e4ten in Bologna, die auch die Landschaftsg\u00fcter  unserer Region verwaltet.  Es ist ein furchendurchzogenes  Gel\u00e4nde mit Lehmboden, was sehr wichtig f\u00fcr die Struktur und die intensive Farbe des Weins ist.  Diese Merkmale werden meinen Wein weiter bereichern.  Im Moment ist hier nur Erde, aber bald wird mein Wein darauf wachsen.  <\/sr7-txt>\n\t\t\t\t\t\t<\/sr7-slide>\n\t\t\t\t\t\t<sr7-slide id=\"SR7_6_1-59\" data-key=\"59\">\n\t\t\t\t\t\t<\/sr7-slide>\n\t\t\t\t\t<\/sr7-content>\n\t\t\t\t\t<image_lists style=\"display:none\">\n\t\t\t\t\t\t<img data-src=\"\/\/www.zanasi.net\/wp-content\/uploads\/2022\/08\/zanasi-castelvetro-la-collina-vigneto-terroir.jpg\" data-libid=\"11841\" data-lib=\"medialibrary\" title=\"zanasi-castelvetro-la-collina-vigneto-terroir\" width=\"0\" height=\"0\" data-dbsrc=\"Ly93d3cuemFuYXNpLm5ldC93cC1jb250ZW50L3VwbG9hZHMvMjAyMi8wOC96YW5hc2ktY2FzdGVsdmV0cm8tbGEtY29sbGluYS12aWduZXRvLXRlcnJvaXIuanBn\"\/>\n\t\t\t\t\t\t<img data-src=\"\/\/www.zanasi.net\/wp-content\/uploads\/2022\/08\/zanasi-castelnuovo-il-secolare-vigneto-terroir.jpg\" data-libid=\"11844\" data-lib=\"medialibrary\" title=\"zanasi-castelnuovo-il-secolare-vigneto-terroir\" width=\"0\" height=\"0\" data-dbsrc=\"Ly93d3cuemFuYXNpLm5ldC93cC1jb250ZW50L3VwbG9hZHMvMjAyMi8wOC96YW5hc2ktY2FzdGVsbnVvdm8taWwtc2Vjb2xhcmUtdmlnbmV0by10ZXJyb2lyLmpwZw==\"\/>\n\t\t\t\t\t\t<img data-src=\"\/\/www.zanasi.net\/wp-content\/uploads\/2022\/08\/zanasi-vigna-la-collina.jpg\" data-libid=\"11818\" data-lib=\"medialibrary\" title=\"zanasi-vigna-la-collina\" width=\"0\" height=\"0\" data-dbsrc=\"Ly93d3cuemFuYXNpLm5ldC93cC1jb250ZW50L3VwbG9hZHMvMjAyMi8wOC96YW5hc2ktdmlnbmEtbGEtY29sbGluYS5qcGc=\"\/>\n\t\t\t\t\t\t<img data-src=\"\/\/www.zanasi.net\/wp-content\/uploads\/2022\/08\/zanasi-nuovo-vigneto-area.jpg\" data-libid=\"11838\" data-lib=\"medialibrary\" title=\"zanasi-nuovo-vigneto-area\" width=\"0\" height=\"0\" data-dbsrc=\"Ly93d3cuemFuYXNpLm5ldC93cC1jb250ZW50L3VwbG9hZHMvMjAyMi8wOC96YW5hc2ktbnVvdm8tdmlnbmV0by1hcmVhLmpwZw==\"\/>\n\t\t\t\t\t<\/image_lists>\n\t\t\t\t<\/sr7-module>\n\t\t\t\t<script>\n\t\t\t\t\tSR7.PMH ??={}; SR7.PMH[\"SR7_6_1\"] = {cn:100,state:false,fn: function() { if (_tpt!==undefined && _tpt.prepareModuleHeight !== undefined) {  _tpt.prepareModuleHeight({id:\"SR7_6_1\",el:[960,960,768,960,920],type:'standard',shdw:'0',gh:[960,960,768,960,920],gw:[1240,1240,1024,778,480],vpt:['-200px&#039;,&#039;-200px&#039;,&#039;-200px&#039;,&#039;-200px&#039;,&#039;-200px'],size:{fullWidth:true, fullHeight:true},fho:',',mh:'0',onh:0,onw:0,bg:{color:'{\"orig\":\"transparent\",\"type\":\"solid\",\"string\":\"transparent\"}'}});   SR7.PMH[\"SR7_6_1\"].state=true;} else if(SR7.PMH[\"SR7_6_1\"].cn-->0)\tsetTimeout( SR7.PMH[\"SR7_6_1\"].fn,19);}};SR7.PMH[\"SR7_6_1\" ].fn();\n\t\t\t\t<\/script>\n[\/vc_column][\/vc_row]<\/p>\n<\/div>","protected":false},"excerpt":{"rendered":"<p>[vc_row][vc_column][\/vc_column][\/vc_row]<\/p>\n","protected":false},"author":1,"featured_media":0,"parent":0,"menu_order":0,"comment_status":"closed","ping_status":"closed","template":"","meta":{"_acf_changed":false,"footnotes":""},"class_list":["post-12101","page","type-page","status-publish","hentry"],"acf":[],"yoast_head":"<!-- This site is optimized with the Yoast SEO plugin v27.5 - https:\/\/yoast.com\/product\/yoast-seo-wordpress\/ -->\n<title>Weinberge - Zanasi Societ\u00e0 Agricola<\/title>\n<meta name=\"description\" content=\"Weinberge - Zanasi Societ\u00e0 Agricola\" \/>\n<meta name=\"robots\" content=\"index, follow, max-snippet:-1, max-image-preview:large, max-video-preview:-1\" \/>\n<link rel=\"canonical\" href=\"https:\/\/www.zanasi.net\/de\/weinberge\/\" \/>\n<meta property=\"og:locale\" content=\"de_DE\" \/>\n<meta property=\"og:type\" content=\"article\" \/>\n<meta property=\"og:title\" content=\"Weinberge - Zanasi Societ\u00e0 Agricola\" \/>\n<meta property=\"og:description\" content=\"Weinberge - Zanasi Societ\u00e0 Agricola\" \/>\n<meta property=\"og:url\" content=\"https:\/\/www.zanasi.net\/de\/weinberge\/\" \/>\n<meta property=\"og:site_name\" content=\"Zanasi Societ\u00e0 Agricola\" \/>\n<meta property=\"article:modified_time\" content=\"2022-10-10T16:08:10+00:00\" \/>\n<meta name=\"twitter:card\" content=\"summary_large_image\" \/>\n<script type=\"application\/ld+json\" class=\"yoast-schema-graph\">{\"@context\":\"https:\\\/\\\/schema.org\",\"@graph\":[{\"@type\":\"WebPage\",\"@id\":\"https:\\\/\\\/www.zanasi.net\\\/de\\\/weinberge\\\/\",\"url\":\"https:\\\/\\\/www.zanasi.net\\\/de\\\/weinberge\\\/\",\"name\":\"Weinberge - Zanasi Societ\u00e0 Agricola\",\"isPartOf\":{\"@id\":\"https:\\\/\\\/www.zanasi.net\\\/de\\\/#website\"},\"datePublished\":\"2022-08-19T15:18:02+00:00\",\"dateModified\":\"2022-10-10T16:08:10+00:00\",\"description\":\"Weinberge - Zanasi Societ\u00e0 Agricola\",\"breadcrumb\":{\"@id\":\"https:\\\/\\\/www.zanasi.net\\\/de\\\/weinberge\\\/#breadcrumb\"},\"inLanguage\":\"de\",\"potentialAction\":[{\"@type\":\"ReadAction\",\"target\":[\"https:\\\/\\\/www.zanasi.net\\\/de\\\/weinberge\\\/\"]}]},{\"@type\":\"BreadcrumbList\",\"@id\":\"https:\\\/\\\/www.zanasi.net\\\/de\\\/weinberge\\\/#breadcrumb\",\"itemListElement\":[{\"@type\":\"ListItem\",\"position\":1,\"name\":\"Home\",\"item\":\"https:\\\/\\\/www.zanasi.net\\\/de\\\/\"},{\"@type\":\"ListItem\",\"position\":2,\"name\":\"Weinberge\"}]},{\"@type\":\"WebSite\",\"@id\":\"https:\\\/\\\/www.zanasi.net\\\/de\\\/#website\",\"url\":\"https:\\\/\\\/www.zanasi.net\\\/de\\\/\",\"name\":\"Zanasi Societ\u00e0 Agricola\",\"description\":\"Vini e Aceti D.O.P. da San Vito - Spilamberto\",\"publisher\":{\"@id\":\"https:\\\/\\\/www.zanasi.net\\\/de\\\/#organization\"},\"potentialAction\":[{\"@type\":\"SearchAction\",\"target\":{\"@type\":\"EntryPoint\",\"urlTemplate\":\"https:\\\/\\\/www.zanasi.net\\\/de\\\/?s={search_term_string}\"},\"query-input\":{\"@type\":\"PropertyValueSpecification\",\"valueRequired\":true,\"valueName\":\"search_term_string\"}}],\"inLanguage\":\"de\"},{\"@type\":\"Organization\",\"@id\":\"https:\\\/\\\/www.zanasi.net\\\/de\\\/#organization\",\"name\":\"Zanasi Societ\u00e0 Agricola\",\"url\":\"https:\\\/\\\/www.zanasi.net\\\/de\\\/\",\"logo\":{\"@type\":\"ImageObject\",\"inLanguage\":\"de\",\"@id\":\"https:\\\/\\\/www.zanasi.net\\\/de\\\/#\\\/schema\\\/logo\\\/image\\\/\",\"url\":\"https:\\\/\\\/www.zanasi.net\\\/wp-content\\\/uploads\\\/2020\\\/01\\\/logo-zanasi-societa-agricola.jpg\",\"contentUrl\":\"https:\\\/\\\/www.zanasi.net\\\/wp-content\\\/uploads\\\/2020\\\/01\\\/logo-zanasi-societa-agricola.jpg\",\"width\":229,\"height\":119,\"caption\":\"Zanasi Societ\u00e0 Agricola\"},\"image\":{\"@id\":\"https:\\\/\\\/www.zanasi.net\\\/de\\\/#\\\/schema\\\/logo\\\/image\\\/\"}}]}<\/script>\n<!-- \/ Yoast SEO plugin. -->","yoast_head_json":{"title":"Weinberge - Zanasi Societ\u00e0 Agricola","description":"Weinberge - Zanasi Societ\u00e0 Agricola","robots":{"index":"index","follow":"follow","max-snippet":"max-snippet:-1","max-image-preview":"max-image-preview:large","max-video-preview":"max-video-preview:-1"},"canonical":"https:\/\/www.zanasi.net\/de\/weinberge\/","og_locale":"de_DE","og_type":"article","og_title":"Weinberge - Zanasi Societ\u00e0 Agricola","og_description":"Weinberge - Zanasi Societ\u00e0 Agricola","og_url":"https:\/\/www.zanasi.net\/de\/weinberge\/","og_site_name":"Zanasi Societ\u00e0 Agricola","article_modified_time":"2022-10-10T16:08:10+00:00","twitter_card":"summary_large_image","schema":{"@context":"https:\/\/schema.org","@graph":[{"@type":"WebPage","@id":"https:\/\/www.zanasi.net\/de\/weinberge\/","url":"https:\/\/www.zanasi.net\/de\/weinberge\/","name":"Weinberge - Zanasi Societ\u00e0 Agricola","isPartOf":{"@id":"https:\/\/www.zanasi.net\/de\/#website"},"datePublished":"2022-08-19T15:18:02+00:00","dateModified":"2022-10-10T16:08:10+00:00","description":"Weinberge - Zanasi Societ\u00e0 Agricola","breadcrumb":{"@id":"https:\/\/www.zanasi.net\/de\/weinberge\/#breadcrumb"},"inLanguage":"de","potentialAction":[{"@type":"ReadAction","target":["https:\/\/www.zanasi.net\/de\/weinberge\/"]}]},{"@type":"BreadcrumbList","@id":"https:\/\/www.zanasi.net\/de\/weinberge\/#breadcrumb","itemListElement":[{"@type":"ListItem","position":1,"name":"Home","item":"https:\/\/www.zanasi.net\/de\/"},{"@type":"ListItem","position":2,"name":"Weinberge"}]},{"@type":"WebSite","@id":"https:\/\/www.zanasi.net\/de\/#website","url":"https:\/\/www.zanasi.net\/de\/","name":"Zanasi Societ\u00e0 Agricola","description":"Vini e Aceti D.O.P. da San Vito - Spilamberto","publisher":{"@id":"https:\/\/www.zanasi.net\/de\/#organization"},"potentialAction":[{"@type":"SearchAction","target":{"@type":"EntryPoint","urlTemplate":"https:\/\/www.zanasi.net\/de\/?s={search_term_string}"},"query-input":{"@type":"PropertyValueSpecification","valueRequired":true,"valueName":"search_term_string"}}],"inLanguage":"de"},{"@type":"Organization","@id":"https:\/\/www.zanasi.net\/de\/#organization","name":"Zanasi Societ\u00e0 Agricola","url":"https:\/\/www.zanasi.net\/de\/","logo":{"@type":"ImageObject","inLanguage":"de","@id":"https:\/\/www.zanasi.net\/de\/#\/schema\/logo\/image\/","url":"https:\/\/www.zanasi.net\/wp-content\/uploads\/2020\/01\/logo-zanasi-societa-agricola.jpg","contentUrl":"https:\/\/www.zanasi.net\/wp-content\/uploads\/2020\/01\/logo-zanasi-societa-agricola.jpg","width":229,"height":119,"caption":"Zanasi Societ\u00e0 Agricola"},"image":{"@id":"https:\/\/www.zanasi.net\/de\/#\/schema\/logo\/image\/"}}]}},"_links":{"self":[{"href":"https:\/\/www.zanasi.net\/de\/wp-json\/wp\/v2\/pages\/12101","targetHints":{"allow":["GET"]}}],"collection":[{"href":"https:\/\/www.zanasi.net\/de\/wp-json\/wp\/v2\/pages"}],"about":[{"href":"https:\/\/www.zanasi.net\/de\/wp-json\/wp\/v2\/types\/page"}],"author":[{"embeddable":true,"href":"https:\/\/www.zanasi.net\/de\/wp-json\/wp\/v2\/users\/1"}],"replies":[{"embeddable":true,"href":"https:\/\/www.zanasi.net\/de\/wp-json\/wp\/v2\/comments?post=12101"}],"version-history":[{"count":1,"href":"https:\/\/www.zanasi.net\/de\/wp-json\/wp\/v2\/pages\/12101\/revisions"}],"predecessor-version":[{"id":12102,"href":"https:\/\/www.zanasi.net\/de\/wp-json\/wp\/v2\/pages\/12101\/revisions\/12102"}],"wp:attachment":[{"href":"https:\/\/www.zanasi.net\/de\/wp-json\/wp\/v2\/media?parent=12101"}],"curies":[{"name":"wp","href":"https:\/\/api.w.org\/{rel}","templated":true}]}}