{"id":12091,"date":"2020-05-27T09:52:17","date_gmt":"2020-05-27T09:52:17","guid":{"rendered":"https:\/\/www.zanasi.net\/fondo-europeo-agricolo-per-lo-sviluppo-rurale\/"},"modified":"2022-10-10T16:03:10","modified_gmt":"2022-10-10T16:03:10","slug":"fondo-europeo-agricolo-per-lo-sviluppo-rurale","status":"publish","type":"page","link":"https:\/\/www.zanasi.net\/fr\/fondo-europeo-agricolo-per-lo-sviluppo-rurale\/","title":{"rendered":"Fondo Europeo Agricolo per lo Sviluppo Rurale"},"content":{"rendered":"<div class=\"wpb-content-wrapper\"><p>[vc_row][vc_column]<div class=\"double-title\">\n\t\t\t\t<h2 class=\"deco-title sinistra\">F.E.S.A.R.<\/h2>\n\t\t\t\t<h3 class=\"deco-subtitle sinistra\">Fondo Europeo agricolo per lo Sviluppo Rurale<\/h3>\n\t\t\t<\/div>[\/vc_column][\/vc_row][vc_row][vc_column width=\u00a0\u00bb1\/4&Prime;][vc_single_image image=\u00a0\u00bb1456&Prime; img_size=\u00a0\u00bbfull\u00a0\u00bb alignment=\u00a0\u00bbcenter\u00a0\u00bb][\/vc_column][vc_column width=\u00a0\u00bb1\/4&Prime;][vc_single_image image=\u00a0\u00bb1459&Prime; img_size=\u00a0\u00bbfull\u00a0\u00bb alignment=\u00a0\u00bbcenter\u00a0\u00bb][\/vc_column][vc_column width=\u00a0\u00bb1\/4&Prime;][vc_single_image image=\u00a0\u00bb1453&Prime; img_size=\u00a0\u00bbfull\u00a0\u00bb alignment=\u00a0\u00bbcenter\u00a0\u00bb][\/vc_column][vc_column width=\u00a0\u00bb1\/4&Prime;][vc_single_image image=\u00a0\u00bb1450&Prime; img_size=\u00a0\u00bbfull\u00a0\u00bb alignment=\u00a0\u00bbcenter\u00a0\u00bb][\/vc_column][\/vc_row][vc_row full_width=\u00a0\u00bbstretch_row\u00a0\u00bb css=\u00a0\u00bb.vc_custom_1590574453070{border-top-width: 40px !important;border-bottom-width: 40px !important;background-color: #99d6ea !important;border-top-color: #00a9e0 !important;border-top-style: solid !important;border-bottom-color: #00a9e0 !important;border-bottom-style: solid !important;}\u00a0\u00bb][vc_column][vc_column_text]<\/p>\n<h3>Tipo di operazione: 6.1.01<\/h3>\n<p>\u201cAiuto all\u2019avviamento d\u2019imprese per giovani agricoltori\u201d<br \/>\nApproccio Individuale e Focus Area P2B<br \/>\nProgramma di Sviluppo rurale (PSR) 2014 \u2013 2020<\/p>\n<h3>Beneficiario:<\/h3>\n<p>Uccellari Marco socio della Zanasi Societ\u00e0 Agricola Societ\u00e0 Semplice<br \/>\nSede: Castelnuovo Rangone (Mo) \u2013 Localit\u00e0 Cavidole<\/p>\n<h3>Opere finanziate:<\/h3>\n<p>Acquisto di nuove attrezzature che puntano a migliorare ulteriormente gli standard qualitativi di lavorazione della propria produzione vitivinicola per la produzione di vini D.O.C. e I.G.T e Aceto Balsamico di Modena D.O.P. e ad incrementarne la sostenibilit\u00e0 ambientale.<\/p>\n<h3>Tutte le informazioni su<\/h3>\n<p><a href=\"https:\/\/eur-lex.europa.eu\/legal-content\/IT\/TXT\/?uri=LEGISSUM:l60032\" target=\"_blank\" rel=\"noopener noreferrer\">https:\/\/eur-lex.europa.eu\/legal-content\/IT\/TXT\/?uri=LEGISSUM:l60032<\/a>[\/vc_column_text][\/vc_column][\/vc_row]<\/p>\n<\/div>","protected":false},"excerpt":{"rendered":"<p>[vc_row][vc_column][\/vc_column][\/vc_row][vc_row][vc_column width=\u00a0\u00bb1\/4&Prime;][vc_single_image image=\u00a0\u00bb1456&Prime; img_size=\u00a0\u00bbfull\u00a0\u00bb alignment=\u00a0\u00bbcenter\u00a0\u00bb][\/vc_column][vc_column width=\u00a0\u00bb1\/4&Prime;][vc_single_image image=\u00a0\u00bb1459&Prime; img_size=\u00a0\u00bbfull\u00a0\u00bb alignment=\u00a0\u00bbcenter\u00a0\u00bb][\/vc_column][vc_column width=\u00a0\u00bb1\/4&Prime;][vc_single_image image=\u00a0\u00bb1453&Prime; img_size=\u00a0\u00bbfull\u00a0\u00bb alignment=\u00a0\u00bbcenter\u00a0\u00bb][\/vc_column][vc_column width=\u00a0\u00bb1\/4&Prime;][vc_single_image image=\u00a0\u00bb1450&Prime; img_size=\u00a0\u00bbfull\u00a0\u00bb alignment=\u00a0\u00bbcenter\u00a0\u00bb][\/vc_column][\/vc_row][vc_row full_width=\u00a0\u00bbstretch_row\u00a0\u00bb css=\u00a0\u00bb.vc_custom_1590574453070{border-top-width: 40px !important;border-bottom-width: 40px !important;background-color: #99d6ea !important;border-top-color: #00a9e0 !important;border-top-style: solid !important;border-bottom-color: #00a9e0 !important;border-bottom-style: solid !important;}\u00a0\u00bb][vc_column][vc_column_text] Tipo di operazione: 6.1.01 \u201cAiuto all\u2019avviamento d\u2019imprese per giovani agricoltori\u201d Approccio Individuale e Focus Area P2B Programma di Sviluppo rurale (PSR) 2014 [&hellip;]<\/p>\n","protected":false},"author":1,"featured_media":0,"parent":0,"menu_order":0,"comment_status":"closed","ping_status":"closed","template":"","meta":{"_acf_changed":false,"footnotes":""},"class_list":["post-12091","page","type-page","status-publish","hentry"],"acf":[],"yoast_head":"<!-- This site is optimized with the Yoast SEO plugin v27.3 - https:\/\/yoast.com\/product\/yoast-seo-wordpress\/ -->\n<title>Fondo Europeo Agricolo per lo Sviluppo Rurale - Zanasi Societ\u00e0 Agricola<\/title>\n<meta name=\"description\" content=\"Fondo Europeo Agricolo per lo Sviluppo Rurale - Zanasi Societ\u00e0 Agricola\" \/>\n<meta name=\"robots\" content=\"index, follow, max-snippet:-1, max-image-preview:large, max-video-preview:-1\" \/>\n<link rel=\"canonical\" href=\"https:\/\/www.zanasi.net\/fr\/fondo-europeo-agricolo-per-lo-sviluppo-rurale\/\" \/>\n<meta property=\"og:locale\" content=\"fr_FR\" \/>\n<meta property=\"og:type\" content=\"article\" \/>\n<meta property=\"og:title\" content=\"Fondo Europeo Agricolo per lo Sviluppo Rurale - Zanasi Societ\u00e0 Agricola\" \/>\n<meta property=\"og:description\" content=\"Fondo Europeo Agricolo per lo Sviluppo Rurale - Zanasi Societ\u00e0 Agricola\" \/>\n<meta property=\"og:url\" content=\"https:\/\/www.zanasi.net\/fr\/fondo-europeo-agricolo-per-lo-sviluppo-rurale\/\" \/>\n<meta property=\"og:site_name\" content=\"Zanasi Societ\u00e0 Agricola\" \/>\n<meta property=\"article:modified_time\" content=\"2022-10-10T16:03:10+00:00\" \/>\n<meta name=\"twitter:card\" content=\"summary_large_image\" \/>\n<meta name=\"twitter:label1\" content=\"Dur\u00e9e de lecture estim\u00e9e\" \/>\n\t<meta name=\"twitter:data1\" content=\"1 minute\" \/>\n<script type=\"application\/ld+json\" class=\"yoast-schema-graph\">{\"@context\":\"https:\\\/\\\/schema.org\",\"@graph\":[{\"@type\":\"WebPage\",\"@id\":\"https:\\\/\\\/www.zanasi.net\\\/fr\\\/fondo-europeo-agricolo-per-lo-sviluppo-rurale\\\/\",\"url\":\"https:\\\/\\\/www.zanasi.net\\\/fr\\\/fondo-europeo-agricolo-per-lo-sviluppo-rurale\\\/\",\"name\":\"Fondo Europeo Agricolo per lo Sviluppo Rurale - Zanasi Societ\u00e0 Agricola\",\"isPartOf\":{\"@id\":\"https:\\\/\\\/www.zanasi.net\\\/fr\\\/#website\"},\"datePublished\":\"2020-05-27T09:52:17+00:00\",\"dateModified\":\"2022-10-10T16:03:10+00:00\",\"description\":\"Fondo Europeo Agricolo per lo Sviluppo Rurale - Zanasi Societ\u00e0 Agricola\",\"breadcrumb\":{\"@id\":\"https:\\\/\\\/www.zanasi.net\\\/fr\\\/fondo-europeo-agricolo-per-lo-sviluppo-rurale\\\/#breadcrumb\"},\"inLanguage\":\"fr-FR\",\"potentialAction\":[{\"@type\":\"ReadAction\",\"target\":[\"https:\\\/\\\/www.zanasi.net\\\/fr\\\/fondo-europeo-agricolo-per-lo-sviluppo-rurale\\\/\"]}]},{\"@type\":\"BreadcrumbList\",\"@id\":\"https:\\\/\\\/www.zanasi.net\\\/fr\\\/fondo-europeo-agricolo-per-lo-sviluppo-rurale\\\/#breadcrumb\",\"itemListElement\":[{\"@type\":\"ListItem\",\"position\":1,\"name\":\"Home\",\"item\":\"https:\\\/\\\/www.zanasi.net\\\/fr\\\/\"},{\"@type\":\"ListItem\",\"position\":2,\"name\":\"Fondo Europeo Agricolo per lo Sviluppo Rurale\"}]},{\"@type\":\"WebSite\",\"@id\":\"https:\\\/\\\/www.zanasi.net\\\/fr\\\/#website\",\"url\":\"https:\\\/\\\/www.zanasi.net\\\/fr\\\/\",\"name\":\"Zanasi Societ\u00e0 Agricola\",\"description\":\"Vini e Aceti D.O.P. da San Vito - Spilamberto\",\"publisher\":{\"@id\":\"https:\\\/\\\/www.zanasi.net\\\/fr\\\/#organization\"},\"potentialAction\":[{\"@type\":\"SearchAction\",\"target\":{\"@type\":\"EntryPoint\",\"urlTemplate\":\"https:\\\/\\\/www.zanasi.net\\\/fr\\\/?s={search_term_string}\"},\"query-input\":{\"@type\":\"PropertyValueSpecification\",\"valueRequired\":true,\"valueName\":\"search_term_string\"}}],\"inLanguage\":\"fr-FR\"},{\"@type\":\"Organization\",\"@id\":\"https:\\\/\\\/www.zanasi.net\\\/fr\\\/#organization\",\"name\":\"Zanasi Societ\u00e0 Agricola\",\"url\":\"https:\\\/\\\/www.zanasi.net\\\/fr\\\/\",\"logo\":{\"@type\":\"ImageObject\",\"inLanguage\":\"fr-FR\",\"@id\":\"https:\\\/\\\/www.zanasi.net\\\/fr\\\/#\\\/schema\\\/logo\\\/image\\\/\",\"url\":\"https:\\\/\\\/www.zanasi.net\\\/wp-content\\\/uploads\\\/2020\\\/01\\\/logo-zanasi-societa-agricola.jpg\",\"contentUrl\":\"https:\\\/\\\/www.zanasi.net\\\/wp-content\\\/uploads\\\/2020\\\/01\\\/logo-zanasi-societa-agricola.jpg\",\"width\":229,\"height\":119,\"caption\":\"Zanasi Societ\u00e0 Agricola\"},\"image\":{\"@id\":\"https:\\\/\\\/www.zanasi.net\\\/fr\\\/#\\\/schema\\\/logo\\\/image\\\/\"}}]}<\/script>\n<!-- \/ Yoast SEO plugin. -->","yoast_head_json":{"title":"Fondo Europeo Agricolo per lo Sviluppo Rurale - Zanasi Societ\u00e0 Agricola","description":"Fondo Europeo Agricolo per lo Sviluppo Rurale - Zanasi Societ\u00e0 Agricola","robots":{"index":"index","follow":"follow","max-snippet":"max-snippet:-1","max-image-preview":"max-image-preview:large","max-video-preview":"max-video-preview:-1"},"canonical":"https:\/\/www.zanasi.net\/fr\/fondo-europeo-agricolo-per-lo-sviluppo-rurale\/","og_locale":"fr_FR","og_type":"article","og_title":"Fondo Europeo Agricolo per lo Sviluppo Rurale - Zanasi Societ\u00e0 Agricola","og_description":"Fondo Europeo Agricolo per lo Sviluppo Rurale - Zanasi Societ\u00e0 Agricola","og_url":"https:\/\/www.zanasi.net\/fr\/fondo-europeo-agricolo-per-lo-sviluppo-rurale\/","og_site_name":"Zanasi Societ\u00e0 Agricola","article_modified_time":"2022-10-10T16:03:10+00:00","twitter_card":"summary_large_image","twitter_misc":{"Dur\u00e9e de lecture estim\u00e9e":"1 minute"},"schema":{"@context":"https:\/\/schema.org","@graph":[{"@type":"WebPage","@id":"https:\/\/www.zanasi.net\/fr\/fondo-europeo-agricolo-per-lo-sviluppo-rurale\/","url":"https:\/\/www.zanasi.net\/fr\/fondo-europeo-agricolo-per-lo-sviluppo-rurale\/","name":"Fondo Europeo Agricolo per lo Sviluppo Rurale - Zanasi Societ\u00e0 Agricola","isPartOf":{"@id":"https:\/\/www.zanasi.net\/fr\/#website"},"datePublished":"2020-05-27T09:52:17+00:00","dateModified":"2022-10-10T16:03:10+00:00","description":"Fondo Europeo Agricolo per lo Sviluppo Rurale - Zanasi Societ\u00e0 Agricola","breadcrumb":{"@id":"https:\/\/www.zanasi.net\/fr\/fondo-europeo-agricolo-per-lo-sviluppo-rurale\/#breadcrumb"},"inLanguage":"fr-FR","potentialAction":[{"@type":"ReadAction","target":["https:\/\/www.zanasi.net\/fr\/fondo-europeo-agricolo-per-lo-sviluppo-rurale\/"]}]},{"@type":"BreadcrumbList","@id":"https:\/\/www.zanasi.net\/fr\/fondo-europeo-agricolo-per-lo-sviluppo-rurale\/#breadcrumb","itemListElement":[{"@type":"ListItem","position":1,"name":"Home","item":"https:\/\/www.zanasi.net\/fr\/"},{"@type":"ListItem","position":2,"name":"Fondo Europeo Agricolo per lo Sviluppo Rurale"}]},{"@type":"WebSite","@id":"https:\/\/www.zanasi.net\/fr\/#website","url":"https:\/\/www.zanasi.net\/fr\/","name":"Zanasi Societ\u00e0 Agricola","description":"Vini e Aceti D.O.P. da San Vito - Spilamberto","publisher":{"@id":"https:\/\/www.zanasi.net\/fr\/#organization"},"potentialAction":[{"@type":"SearchAction","target":{"@type":"EntryPoint","urlTemplate":"https:\/\/www.zanasi.net\/fr\/?s={search_term_string}"},"query-input":{"@type":"PropertyValueSpecification","valueRequired":true,"valueName":"search_term_string"}}],"inLanguage":"fr-FR"},{"@type":"Organization","@id":"https:\/\/www.zanasi.net\/fr\/#organization","name":"Zanasi Societ\u00e0 Agricola","url":"https:\/\/www.zanasi.net\/fr\/","logo":{"@type":"ImageObject","inLanguage":"fr-FR","@id":"https:\/\/www.zanasi.net\/fr\/#\/schema\/logo\/image\/","url":"https:\/\/www.zanasi.net\/wp-content\/uploads\/2020\/01\/logo-zanasi-societa-agricola.jpg","contentUrl":"https:\/\/www.zanasi.net\/wp-content\/uploads\/2020\/01\/logo-zanasi-societa-agricola.jpg","width":229,"height":119,"caption":"Zanasi Societ\u00e0 Agricola"},"image":{"@id":"https:\/\/www.zanasi.net\/fr\/#\/schema\/logo\/image\/"}}]}},"_links":{"self":[{"href":"https:\/\/www.zanasi.net\/fr\/wp-json\/wp\/v2\/pages\/12091","targetHints":{"allow":["GET"]}}],"collection":[{"href":"https:\/\/www.zanasi.net\/fr\/wp-json\/wp\/v2\/pages"}],"about":[{"href":"https:\/\/www.zanasi.net\/fr\/wp-json\/wp\/v2\/types\/page"}],"author":[{"embeddable":true,"href":"https:\/\/www.zanasi.net\/fr\/wp-json\/wp\/v2\/users\/1"}],"replies":[{"embeddable":true,"href":"https:\/\/www.zanasi.net\/fr\/wp-json\/wp\/v2\/comments?post=12091"}],"version-history":[{"count":1,"href":"https:\/\/www.zanasi.net\/fr\/wp-json\/wp\/v2\/pages\/12091\/revisions"}],"predecessor-version":[{"id":12094,"href":"https:\/\/www.zanasi.net\/fr\/wp-json\/wp\/v2\/pages\/12091\/revisions\/12094"}],"wp:attachment":[{"href":"https:\/\/www.zanasi.net\/fr\/wp-json\/wp\/v2\/media?parent=12091"}],"curies":[{"name":"wp","href":"https:\/\/api.w.org\/{rel}","templated":true}]}}