{"id":12099,"date":"2022-08-19T15:18:02","date_gmt":"2022-08-19T15:18:02","guid":{"rendered":"https:\/\/www.zanasi.net\/?page_id=12099"},"modified":"2022-10-10T16:07:38","modified_gmt":"2022-10-10T16:07:38","slug":"les-vignobles","status":"publish","type":"page","link":"https:\/\/www.zanasi.net\/fr\/les-vignobles\/","title":{"rendered":"Les vignobles"},"content":{"rendered":"<div class=\"wpb-content-wrapper\"><p>[vc_row][vc_column]\n\t\t\t\t<p class=\"rs-p-wp-fix\"><\/p>\n\t\t\t\t<sr7-module data-alias=\"home-video\" data-id=\"6\" id=\"SR7_6_1\" class=\"rs-ov-hidden\" data-version=\"6.7.40\">\n\t\t\t\t\t<sr7-adjuster><\/sr7-adjuster>\n\t\t\t\t\t<sr7-content>\n\t\t\t\t\t\t<sr7-slide id=\"SR7_6_1-42\" data-key=\"42\">\n\t\t\t\t\t\t\t<sr7-txt id=\"SR7_6_1-42-1\" class=\"sr7-layer\">Nos vignobles<\/sr7-txt>\n\t\t\t\t\t\t\t<sr7-txt id=\"SR7_6_1-42-2\" class=\"sr7-layer\">La terre, la tradition et la nature.<\/sr7-txt>\n\t\t\t\t\t\t\t<sr7-txt id=\"SR7_6_1-42-3\" class=\"sr7-layer\">Nos plus beaux vignobles<\/sr7-txt>\n\t\t\t\t\t\t\t<sr7-txt id=\"SR7_6_1-42-34\" class=\"sr7-layer\">Nos vignobles<\/sr7-txt>\n\t\t\t\t\t\t\t<sr7-txt id=\"SR7_6_1-42-35\" class=\"sr7-layer\">La terre, la tradition et la nature.<\/sr7-txt>\n\t\t\t\t\t\t\t<sr7-txt id=\"SR7_6_1-42-36\" class=\"sr7-layer\">Nos plus beaux vignobles<\/sr7-txt>\n\t\t\t\t\t\t\t<sr7-txt id=\"SR7_6_1-42-38\" class=\"sr7-layer\">Nos vignobles<\/sr7-txt>\n\t\t\t\t\t\t\t<sr7-txt id=\"SR7_6_1-42-39\" class=\"sr7-layer\">La terre, la tradition et la nature.<\/sr7-txt>\n\t\t\t\t\t\t\t<sr7-txt id=\"SR7_6_1-42-40\" class=\"sr7-layer\">Nos plus beaux vignobles<\/sr7-txt>\n\t\t\t\t\t\t\t<sr7-txt id=\"SR7_6_1-42-42\" class=\"sr7-layer\">Nos vignobles<\/sr7-txt>\n\t\t\t\t\t\t\t<sr7-txt id=\"SR7_6_1-42-43\" class=\"sr7-layer\">La terre, la tradition et la nature.<\/sr7-txt>\n\t\t\t\t\t\t\t<sr7-txt id=\"SR7_6_1-42-44\" class=\"sr7-layer\">Nos plus beaux vignobles<\/sr7-txt>\n\t\t\t\t\t\t<\/sr7-slide>\n\t\t\t\t\t\t<sr7-slide id=\"SR7_6_1-45\" data-key=\"45\">\n\t\t\t\t\t\t\t<sr7-txt id=\"SR7_6_1-45-48\" class=\"sr7-layer\">La Collina<\/sr7-txt>\n\t\t\t\t\t\t\t<sr7-txt id=\"SR7_6_1-45-49\" class=\"sr7-layer\">Castelvetro di Modena - Lambrusco Grasparossa di Castelvetro<\/sr7-txt>\n\t\t\t\t\t\t\t<sr7-txt id=\"SR7_6_1-45-50\" class=\"sr7-layer\">L'emplacement \u00e0 presque 350 m\u00e8tres d'altitude, l'exposition \u00e0 l'est et le terrain argileux du vignoble nous permettent d\u2019obtenir des raisins qui donneront un vin tr\u00e8s fruit\u00e9, avec des senteurs de baies noires et un corps ferme au degr\u00e9 d'alcool \u00e9lev\u00e9. <\/sr7-txt>\n\t\t\t\t\t\t\t<sr7-txt id=\"SR7_6_1-45-61\" class=\"sr7-layer\">Il Secolare<br \/>\n<\/sr7-txt>\n\t\t\t\t\t\t\t<sr7-txt id=\"SR7_6_1-45-62\" class=\"sr7-layer\">Castelvetro di Modena - Lambrusco Grasparossa di Castelvetro<\/sr7-txt>\n\t\t\t\t\t\t\t<sr7-txt id=\"SR7_6_1-45-63\" class=\"sr7-layer\">Le vignoble qui me tient le plus \u00e0 c\u0153ur ne b\u00e9n\u00e9ficie pas de l'attrait de l'altitude, c'est vrai, car il n'est qu'\u00e0 90 m\u00e8tres au-dessus du niveau de la mer, mais il a une histoire riche et son terrain b\u00e9n\u00e9ficie d'un parfait \u00e9quilibre entre l'argile, le sable et le calcaire. Ce vignoble, avec sa traditionnelle taille en gobelet d\u00e9sormais devenue exceptionnelle dans la r\u00e9gion, contient tr\u00e8s peu de plantes par hectares afin de produire un raisin tr\u00e8s parfum\u00e9. Les ar\u00f4mes de fruits rouges, vifs et complexes, que l'on trouve dans ce raisin sont uniques. <\/sr7-txt>\n\t\t\t\t\t\t\t<sr7-txt id=\"SR7_6_1-45-66\" class=\"sr7-layer\">Il Cristo<br \/>\n<\/sr7-txt>\n\t\t\t\t\t\t\t<sr7-txt id=\"SR7_6_1-45-67\" class=\"sr7-layer\">Localit\u00e0 di Bomporto - Lambrusco di Sorbara<\/sr7-txt>\n\t\t\t\t\t\t\t<sr7-txt id=\"SR7_6_1-45-68\" class=\"sr7-layer\">Dans les alentours de Bomporto, la plaine, qui \u00e9tait \u00e0 l'origine mar\u00e9cageuse, a \u00e9t\u00e9 enrichie par les rivi\u00e8res Secchia et Panaro qui coulent de l'Apennin et permettent \u00e0 ce territoire de ne jamais manquer d'eau. Le sous-sol est principalement sableux, ce qui assure un bon drainage et une richesse en potassium. Cela nous permet de r\u00e9colter un raisin qui nous garantit un vin avec une acidit\u00e9 prononc\u00e9e riche en ar\u00f4mes fins et \u00e9l\u00e9gants tels que la rose, la fraise, le pamplemousse rose et l\u2019\u00e9corce d'orange. <\/sr7-txt>\n\t\t\t\t\t\t\t<sr7-txt id=\"SR7_6_1-45-69\" class=\"sr7-layer\">Le futur vignoble<\/sr7-txt>\n\t\t\t\t\t\t\t<sr7-txt id=\"SR7_6_1-45-70\" class=\"sr7-layer\">In collina a Castelvetro di Modena - Lambrusco Grasparossa di Castelvetro<\/sr7-txt>\n\t\t\t\t\t\t\t<sr7-txt id=\"SR7_6_1-45-71\" class=\"sr7-layer\">Ce terrain de 3 hectares repr\u00e9sente mon premier grand pas tout seul depuis l'h\u00e9ritage laiss\u00e9 par mon grand-p\u00e8re. C'est une \u00e9motion particuli\u00e8rement grande car il s'agit d'une zone exclusive, o\u00f9 a \u00e9t\u00e9 d\u00e9couvert le Lambrusco Grasparossa de Castelvetro, et qui est une zone prot\u00e9g\u00e9e par la direction r\u00e9gionale de Bologne charg\u00e9e du patrimoine paysager de la r\u00e9gion. C'est un terrain ravin\u00e9, argileux, tr\u00e8s important pour la structure et la couleur intense du vin : des caract\u00e9ristiques qui continueront d'enrichir mon vin. Pour le moment, il n'y a que de la terre mais bient\u00f4t mon vignoble y poussera.<\/sr7-txt>\n\t\t\t\t\t\t\t<sr7-txt id=\"SR7_6_1-45-74\" class=\"sr7-layer\">La Collina<\/sr7-txt>\n\t\t\t\t\t\t\t<sr7-txt id=\"SR7_6_1-45-75\" class=\"sr7-layer\">Castelvetro di Modena - Lambrusco Grasparossa di Castelvetro<\/sr7-txt>\n\t\t\t\t\t\t\t<sr7-txt id=\"SR7_6_1-45-76\" class=\"sr7-layer\">L'emplacement \u00e0 presque 350 m\u00e8tres d'altitude, l'exposition \u00e0 l'est et le terrain argileux du vignoble nous permettent d\u2019obtenir des raisins qui donneront un vin tr\u00e8s fruit\u00e9, avec des senteurs de baies noires et un corps ferme au degr\u00e9 d'alcool \u00e9lev\u00e9. <\/sr7-txt>\n\t\t\t\t\t\t\t<sr7-txt id=\"SR7_6_1-45-78\" class=\"sr7-layer\">Il Secolare<br \/>\n<\/sr7-txt>\n\t\t\t\t\t\t\t<sr7-txt id=\"SR7_6_1-45-79\" class=\"sr7-layer\">Castelvetro di Modena - Lambrusco Grasparossa di Castelvetro<\/sr7-txt>\n\t\t\t\t\t\t\t<sr7-txt id=\"SR7_6_1-45-80\" class=\"sr7-layer\">Le vignoble qui me tient le plus \u00e0 c\u0153ur ne b\u00e9n\u00e9ficie pas de l'attrait de l'altitude, c'est vrai, car il n'est qu'\u00e0 90 m\u00e8tres au-dessus du niveau de la mer, mais il a une histoire riche et son terrain b\u00e9n\u00e9ficie d'un parfait \u00e9quilibre entre l'argile, le sable et le calcaire. Ce vignoble, avec sa traditionnelle taille en gobelet d\u00e9sormais devenue exceptionnelle dans la r\u00e9gion, contient tr\u00e8s peu de plantes par hectares afin de produire un raisin tr\u00e8s parfum\u00e9. Les ar\u00f4mes de fruits rouges, vifs et complexes, que l'on trouve dans ce raisin sont uniques. <\/sr7-txt>\n\t\t\t\t\t\t\t<sr7-txt id=\"SR7_6_1-45-83\" class=\"sr7-layer\">Il Cristo<br \/>\n<\/sr7-txt>\n\t\t\t\t\t\t\t<sr7-txt id=\"SR7_6_1-45-84\" class=\"sr7-layer\">Localit\u00e0 di Bomporto - Lambrusco di Sorbara<\/sr7-txt>\n\t\t\t\t\t\t\t<sr7-txt id=\"SR7_6_1-45-85\" class=\"sr7-layer\">Dans les alentours de Bomporto, la plaine, qui \u00e9tait \u00e0 l'origine mar\u00e9cageuse, a \u00e9t\u00e9 enrichie par les rivi\u00e8res Secchia et Panaro qui coulent de l'Apennin et permettent \u00e0 ce territoire de ne jamais manquer d'eau. Le sous-sol est principalement sableux, ce qui assure un bon drainage et une richesse en potassium. Cela nous permet de r\u00e9colter un raisin qui nous garantit un vin avec une acidit\u00e9 prononc\u00e9e riche en ar\u00f4mes fins et \u00e9l\u00e9gants tels que la rose, la fraise, le pamplemousse rose et l\u2019\u00e9corce d'orange. <\/sr7-txt>\n\t\t\t\t\t\t\t<sr7-txt id=\"SR7_6_1-45-86\" class=\"sr7-layer\">Le futur vignoble<\/sr7-txt>\n\t\t\t\t\t\t\t<sr7-txt id=\"SR7_6_1-45-87\" class=\"sr7-layer\">In collina a Castelvetro di Modena - Lambrusco Grasparossa di Castelvetro<\/sr7-txt>\n\t\t\t\t\t\t\t<sr7-txt id=\"SR7_6_1-45-88\" class=\"sr7-layer\">Ce terrain de 3 hectares repr\u00e9sente mon premier grand pas tout seul depuis l'h\u00e9ritage laiss\u00e9 par mon grand-p\u00e8re. C'est une \u00e9motion particuli\u00e8rement grande car il s'agit d'une zone exclusive, o\u00f9 a \u00e9t\u00e9 d\u00e9couvert le Lambrusco Grasparossa de Castelvetro, et qui est une zone prot\u00e9g\u00e9e par la direction r\u00e9gionale de Bologne charg\u00e9e du patrimoine paysager de la r\u00e9gion. C'est un terrain ravin\u00e9, argileux, tr\u00e8s important pour la structure et la couleur intense du vin : des caract\u00e9ristiques qui continueront d'enrichir mon vin. Pour le moment, il n'y a que de la terre mais bient\u00f4t mon vignoble y poussera.<\/sr7-txt>\n\t\t\t\t\t\t\t<sr7-txt id=\"SR7_6_1-45-91\" class=\"sr7-layer\">La Collina<\/sr7-txt>\n\t\t\t\t\t\t\t<sr7-txt id=\"SR7_6_1-45-92\" class=\"sr7-layer\">Castelvetro di Modena<br \/>\nLambrusco Grasparossa di Castelvetro<\/sr7-txt>\n\t\t\t\t\t\t\t<sr7-txt id=\"SR7_6_1-45-93\" class=\"sr7-layer\">L'emplacement \u00e0 presque 350 m\u00e8tres d'altitude, l'exposition \u00e0 l'est et le terrain argileux du vignoble nous permettent d\u2019obtenir des raisins qui donneront un vin tr\u00e8s fruit\u00e9, avec des senteurs de baies noires et un corps ferme au degr\u00e9 d'alcool \u00e9lev\u00e9. <\/sr7-txt>\n\t\t\t\t\t\t\t<sr7-txt id=\"SR7_6_1-45-95\" class=\"sr7-layer\">Il Secolare<br \/>\n<\/sr7-txt>\n\t\t\t\t\t\t\t<sr7-txt id=\"SR7_6_1-45-96\" class=\"sr7-layer\">Castelvetro di Modena<br \/>\nLambrusco Grasparossa di Castelvetro<\/sr7-txt>\n\t\t\t\t\t\t\t<sr7-txt id=\"SR7_6_1-45-97\" class=\"sr7-layer\">Le vignoble qui me tient le plus \u00e0 c\u0153ur ne b\u00e9n\u00e9ficie pas de l'attrait de l'altitude, c'est vrai, car il n'est qu'\u00e0 90 m\u00e8tres au-dessus du niveau de la mer, mais il a une histoire riche et son terrain b\u00e9n\u00e9ficie d'un parfait \u00e9quilibre entre l'argile, le sable et le calcaire. Ce vignoble, avec sa traditionnelle taille en gobelet d\u00e9sormais devenue exceptionnelle dans la r\u00e9gion, contient tr\u00e8s peu de plantes par hectares afin de produire un raisin tr\u00e8s parfum\u00e9. Les ar\u00f4mes de fruits rouges, vifs et complexes, que l'on trouve dans ce raisin sont uniques. <\/sr7-txt>\n\t\t\t\t\t\t\t<sr7-txt id=\"SR7_6_1-45-100\" class=\"sr7-layer\">Il Cristo<br \/>\n<\/sr7-txt>\n\t\t\t\t\t\t\t<sr7-txt id=\"SR7_6_1-45-101\" class=\"sr7-layer\">Localit\u00e0 di Bomporto<br \/>\nLambrusco di Sorbara<\/sr7-txt>\n\t\t\t\t\t\t\t<sr7-txt id=\"SR7_6_1-45-102\" class=\"sr7-layer\">Dans les alentours de Bomporto, la plaine, qui \u00e9tait \u00e0 l'origine mar\u00e9cageuse, a \u00e9t\u00e9 enrichie par les rivi\u00e8res Secchia et Panaro qui coulent de l'Apennin et permettent \u00e0 ce territoire de ne jamais manquer d'eau. Le sous-sol est principalement sableux, ce qui assure un bon drainage et une richesse en potassium. Cela nous permet de r\u00e9colter un raisin qui nous garantit un vin avec une acidit\u00e9 prononc\u00e9e riche en ar\u00f4mes fins et \u00e9l\u00e9gants tels que la rose, la fraise, le pamplemousse rose et l\u2019\u00e9corce d'orange. <\/sr7-txt>\n\t\t\t\t\t\t\t<sr7-txt id=\"SR7_6_1-45-103\" class=\"sr7-layer\">Le futur vignoble<\/sr7-txt>\n\t\t\t\t\t\t\t<sr7-txt id=\"SR7_6_1-45-104\" class=\"sr7-layer\">In collina a Castelvetro di Modena<br \/>\nLambrusco Grasparossa di Castelvetro<\/sr7-txt>\n\t\t\t\t\t\t\t<sr7-txt id=\"SR7_6_1-45-105\" class=\"sr7-layer\">Ce terrain de 3 hectares repr\u00e9sente mon premier grand pas tout seul depuis l'h\u00e9ritage laiss\u00e9 par mon grand-p\u00e8re. C'est une \u00e9motion particuli\u00e8rement grande car il s'agit d'une zone exclusive, o\u00f9 a \u00e9t\u00e9 d\u00e9couvert le Lambrusco Grasparossa de Castelvetro, et qui est une zone prot\u00e9g\u00e9e par la direction r\u00e9gionale de Bologne charg\u00e9e du patrimoine paysager de la r\u00e9gion. C'est un terrain ravin\u00e9, argileux, tr\u00e8s important pour la structure et la couleur intense du vin : des caract\u00e9ristiques qui continueront d'enrichir mon vin. Pour le moment, il n'y a que de la terre mais bient\u00f4t mon vignoble y poussera.<\/sr7-txt>\n\t\t\t\t\t\t\t<sr7-txt id=\"SR7_6_1-45-108\" class=\"sr7-layer\">La Collina<\/sr7-txt>\n\t\t\t\t\t\t\t<sr7-txt id=\"SR7_6_1-45-109\" class=\"sr7-layer\">Castelvetro di Modena<br \/>\nLambrusco Grasparossa di Castelvetro<\/sr7-txt>\n\t\t\t\t\t\t\t<sr7-txt id=\"SR7_6_1-45-110\" class=\"sr7-layer\">L'emplacement \u00e0 presque 350 m\u00e8tres d'altitude, l'exposition \u00e0 l'est et le terrain argileux du vignoble nous permettent d\u2019obtenir des raisins qui donneront un vin tr\u00e8s fruit\u00e9, avec des senteurs de baies noires et un corps ferme au degr\u00e9 d'alcool \u00e9lev\u00e9. <\/sr7-txt>\n\t\t\t\t\t\t\t<sr7-txt id=\"SR7_6_1-45-112\" class=\"sr7-layer\">Il Secolare<br \/>\n<\/sr7-txt>\n\t\t\t\t\t\t\t<sr7-txt id=\"SR7_6_1-45-113\" class=\"sr7-layer\">Castelvetro di Modena<br \/>\nLambrusco Grasparossa di Castelvetro<\/sr7-txt>\n\t\t\t\t\t\t\t<sr7-txt id=\"SR7_6_1-45-114\" class=\"sr7-layer\">Le vignoble qui me tient le plus \u00e0 c\u0153ur ne b\u00e9n\u00e9ficie pas de l'attrait de l'altitude, c'est vrai, car il n'est qu'\u00e0 90 m\u00e8tres au-dessus du niveau de la mer, mais il a une histoire riche et son terrain b\u00e9n\u00e9ficie d'un parfait \u00e9quilibre entre l'argile, le sable et le calcaire. Ce vignoble, avec sa traditionnelle taille en gobelet d\u00e9sormais devenue exceptionnelle dans la r\u00e9gion, contient tr\u00e8s peu de plantes par hectares afin de produire un raisin tr\u00e8s parfum\u00e9. Les ar\u00f4mes de fruits rouges, vifs et complexes, que l'on trouve dans ce raisin sont uniques. <\/sr7-txt>\n\t\t\t\t\t\t\t<sr7-txt id=\"SR7_6_1-45-117\" class=\"sr7-layer\">Il Cristo<br \/>\n<\/sr7-txt>\n\t\t\t\t\t\t\t<sr7-txt id=\"SR7_6_1-45-118\" class=\"sr7-layer\">Localit\u00e0 di Bomporto<br \/>\nLambrusco di Sorbara<\/sr7-txt>\n\t\t\t\t\t\t\t<sr7-txt id=\"SR7_6_1-45-119\" class=\"sr7-layer\">Dans les alentours de Bomporto, la plaine, qui \u00e9tait \u00e0 l'origine mar\u00e9cageuse, a \u00e9t\u00e9 enrichie par les rivi\u00e8res Secchia et Panaro qui coulent de l'Apennin et permettent \u00e0 ce territoire de ne jamais manquer d'eau. Le sous-sol est principalement sableux, ce qui assure un bon drainage et une richesse en potassium. Cela nous permet de r\u00e9colter un raisin qui nous garantit un vin avec une acidit\u00e9 prononc\u00e9e riche en ar\u00f4mes fins et \u00e9l\u00e9gants tels que la rose, la fraise, le pamplemousse rose et l\u2019\u00e9corce d'orange. <\/sr7-txt>\n\t\t\t\t\t\t\t<sr7-txt id=\"SR7_6_1-45-120\" class=\"sr7-layer\">Le futur vignoble<\/sr7-txt>\n\t\t\t\t\t\t\t<sr7-txt id=\"SR7_6_1-45-121\" class=\"sr7-layer\">In collina a Castelvetro di Modena<br \/>\nLambrusco Grasparossa di Castelvetro<\/sr7-txt>\n\t\t\t\t\t\t\t<sr7-txt id=\"SR7_6_1-45-122\" class=\"sr7-layer\">Ce terrain de 3 hectares repr\u00e9sente mon premier grand pas tout seul depuis l'h\u00e9ritage laiss\u00e9 par mon grand-p\u00e8re. C'est une \u00e9motion particuli\u00e8rement grande car il s'agit d'une zone exclusive, o\u00f9 a \u00e9t\u00e9 d\u00e9couvert le Lambrusco Grasparossa de Castelvetro, et qui est une zone prot\u00e9g\u00e9e par la direction r\u00e9gionale de Bologne charg\u00e9e du patrimoine paysager de la r\u00e9gion. C'est un terrain ravin\u00e9, argileux, tr\u00e8s important pour la structure et la couleur intense du vin : des caract\u00e9ristiques qui continueront d'enrichir mon vin. Pour le moment, il n'y a que de la terre mais bient\u00f4t mon vignoble y poussera.<\/sr7-txt>\n\t\t\t\t\t\t<\/sr7-slide>\n\t\t\t\t\t\t<sr7-slide id=\"SR7_6_1-59\" data-key=\"59\">\n\t\t\t\t\t\t<\/sr7-slide>\n\t\t\t\t\t<\/sr7-content>\n\t\t\t\t\t<image_lists style=\"display:none\">\n\t\t\t\t\t\t<img data-src=\"\/\/www.zanasi.net\/wp-content\/uploads\/2022\/08\/zanasi-castelvetro-la-collina-vigneto-terroir.jpg\" data-libid=\"11841\" data-lib=\"medialibrary\" title=\"zanasi-castelvetro-la-collina-vigneto-terroir\" width=\"0\" height=\"0\" data-dbsrc=\"Ly93d3cuemFuYXNpLm5ldC93cC1jb250ZW50L3VwbG9hZHMvMjAyMi8wOC96YW5hc2ktY2FzdGVsdmV0cm8tbGEtY29sbGluYS12aWduZXRvLXRlcnJvaXIuanBn\"\/>\n\t\t\t\t\t\t<img data-src=\"\/\/www.zanasi.net\/wp-content\/uploads\/2022\/08\/zanasi-castelnuovo-il-secolare-vigneto-terroir.jpg\" data-libid=\"11844\" data-lib=\"medialibrary\" title=\"zanasi-castelnuovo-il-secolare-vigneto-terroir\" width=\"0\" height=\"0\" data-dbsrc=\"Ly93d3cuemFuYXNpLm5ldC93cC1jb250ZW50L3VwbG9hZHMvMjAyMi8wOC96YW5hc2ktY2FzdGVsbnVvdm8taWwtc2Vjb2xhcmUtdmlnbmV0by10ZXJyb2lyLmpwZw==\"\/>\n\t\t\t\t\t\t<img data-src=\"\/\/www.zanasi.net\/wp-content\/uploads\/2022\/08\/zanasi-vigna-la-collina.jpg\" data-libid=\"11818\" data-lib=\"medialibrary\" title=\"zanasi-vigna-la-collina\" width=\"0\" height=\"0\" data-dbsrc=\"Ly93d3cuemFuYXNpLm5ldC93cC1jb250ZW50L3VwbG9hZHMvMjAyMi8wOC96YW5hc2ktdmlnbmEtbGEtY29sbGluYS5qcGc=\"\/>\n\t\t\t\t\t\t<img data-src=\"\/\/www.zanasi.net\/wp-content\/uploads\/2022\/08\/zanasi-nuovo-vigneto-area.jpg\" data-libid=\"11838\" data-lib=\"medialibrary\" title=\"zanasi-nuovo-vigneto-area\" width=\"0\" height=\"0\" data-dbsrc=\"Ly93d3cuemFuYXNpLm5ldC93cC1jb250ZW50L3VwbG9hZHMvMjAyMi8wOC96YW5hc2ktbnVvdm8tdmlnbmV0by1hcmVhLmpwZw==\"\/>\n\t\t\t\t\t<\/image_lists>\n\t\t\t\t<\/sr7-module>\n\t\t\t\t<script>\n\t\t\t\t\tSR7.PMH ??={}; SR7.PMH[\"SR7_6_1\"] = {cn:100,state:false,fn: function() { if (_tpt!==undefined && _tpt.prepareModuleHeight !== undefined) {  _tpt.prepareModuleHeight({id:\"SR7_6_1\",el:[960,960,768,960,920],type:'standard',shdw:'0',gh:[960,960,768,960,920],gw:[1240,1240,1024,778,480],vpt:['-200px&#039;,&#039;-200px&#039;,&#039;-200px&#039;,&#039;-200px&#039;,&#039;-200px'],size:{fullWidth:true, fullHeight:true},fho:',',mh:'0',onh:0,onw:0,bg:{color:'{\"orig\":\"transparent\",\"type\":\"solid\",\"string\":\"transparent\"}'}});   SR7.PMH[\"SR7_6_1\"].state=true;} else if(SR7.PMH[\"SR7_6_1\"].cn-->0)\tsetTimeout( SR7.PMH[\"SR7_6_1\"].fn,19);}};SR7.PMH[\"SR7_6_1\" ].fn();\n\t\t\t\t<\/script>\n[\/vc_column][\/vc_row]<\/p>\n<\/div>","protected":false},"excerpt":{"rendered":"<p>[vc_row][vc_column][\/vc_column][\/vc_row]<\/p>\n","protected":false},"author":1,"featured_media":0,"parent":0,"menu_order":0,"comment_status":"closed","ping_status":"closed","template":"","meta":{"_acf_changed":false,"footnotes":""},"class_list":["post-12099","page","type-page","status-publish","hentry"],"acf":[],"yoast_head":"<!-- This site is optimized with the Yoast SEO plugin v27.5 - https:\/\/yoast.com\/product\/yoast-seo-wordpress\/ -->\n<title>Les vignobles - Zanasi Societ\u00e0 Agricola<\/title>\n<meta name=\"description\" content=\"Les vignobles - Zanasi Societ\u00e0 Agricola\" \/>\n<meta name=\"robots\" content=\"index, follow, max-snippet:-1, max-image-preview:large, max-video-preview:-1\" \/>\n<link rel=\"canonical\" href=\"https:\/\/www.zanasi.net\/fr\/les-vignobles\/\" \/>\n<meta property=\"og:locale\" content=\"fr_FR\" \/>\n<meta property=\"og:type\" content=\"article\" \/>\n<meta property=\"og:title\" content=\"Les vignobles - Zanasi Societ\u00e0 Agricola\" \/>\n<meta property=\"og:description\" content=\"Les vignobles - Zanasi Societ\u00e0 Agricola\" \/>\n<meta property=\"og:url\" content=\"https:\/\/www.zanasi.net\/fr\/les-vignobles\/\" \/>\n<meta property=\"og:site_name\" content=\"Zanasi Societ\u00e0 Agricola\" \/>\n<meta property=\"article:modified_time\" content=\"2022-10-10T16:07:38+00:00\" \/>\n<meta name=\"twitter:card\" content=\"summary_large_image\" \/>\n<script type=\"application\/ld+json\" class=\"yoast-schema-graph\">{\"@context\":\"https:\\\/\\\/schema.org\",\"@graph\":[{\"@type\":\"WebPage\",\"@id\":\"https:\\\/\\\/www.zanasi.net\\\/fr\\\/les-vignobles\\\/\",\"url\":\"https:\\\/\\\/www.zanasi.net\\\/fr\\\/les-vignobles\\\/\",\"name\":\"Les vignobles - Zanasi Societ\u00e0 Agricola\",\"isPartOf\":{\"@id\":\"https:\\\/\\\/www.zanasi.net\\\/fr\\\/#website\"},\"datePublished\":\"2022-08-19T15:18:02+00:00\",\"dateModified\":\"2022-10-10T16:07:38+00:00\",\"description\":\"Les vignobles - Zanasi Societ\u00e0 Agricola\",\"breadcrumb\":{\"@id\":\"https:\\\/\\\/www.zanasi.net\\\/fr\\\/les-vignobles\\\/#breadcrumb\"},\"inLanguage\":\"fr-FR\",\"potentialAction\":[{\"@type\":\"ReadAction\",\"target\":[\"https:\\\/\\\/www.zanasi.net\\\/fr\\\/les-vignobles\\\/\"]}]},{\"@type\":\"BreadcrumbList\",\"@id\":\"https:\\\/\\\/www.zanasi.net\\\/fr\\\/les-vignobles\\\/#breadcrumb\",\"itemListElement\":[{\"@type\":\"ListItem\",\"position\":1,\"name\":\"Home\",\"item\":\"https:\\\/\\\/www.zanasi.net\\\/fr\\\/\"},{\"@type\":\"ListItem\",\"position\":2,\"name\":\"Les vignobles\"}]},{\"@type\":\"WebSite\",\"@id\":\"https:\\\/\\\/www.zanasi.net\\\/fr\\\/#website\",\"url\":\"https:\\\/\\\/www.zanasi.net\\\/fr\\\/\",\"name\":\"Zanasi Societ\u00e0 Agricola\",\"description\":\"Vini e Aceti D.O.P. da San Vito - Spilamberto\",\"publisher\":{\"@id\":\"https:\\\/\\\/www.zanasi.net\\\/fr\\\/#organization\"},\"potentialAction\":[{\"@type\":\"SearchAction\",\"target\":{\"@type\":\"EntryPoint\",\"urlTemplate\":\"https:\\\/\\\/www.zanasi.net\\\/fr\\\/?s={search_term_string}\"},\"query-input\":{\"@type\":\"PropertyValueSpecification\",\"valueRequired\":true,\"valueName\":\"search_term_string\"}}],\"inLanguage\":\"fr-FR\"},{\"@type\":\"Organization\",\"@id\":\"https:\\\/\\\/www.zanasi.net\\\/fr\\\/#organization\",\"name\":\"Zanasi Societ\u00e0 Agricola\",\"url\":\"https:\\\/\\\/www.zanasi.net\\\/fr\\\/\",\"logo\":{\"@type\":\"ImageObject\",\"inLanguage\":\"fr-FR\",\"@id\":\"https:\\\/\\\/www.zanasi.net\\\/fr\\\/#\\\/schema\\\/logo\\\/image\\\/\",\"url\":\"https:\\\/\\\/www.zanasi.net\\\/wp-content\\\/uploads\\\/2020\\\/01\\\/logo-zanasi-societa-agricola.jpg\",\"contentUrl\":\"https:\\\/\\\/www.zanasi.net\\\/wp-content\\\/uploads\\\/2020\\\/01\\\/logo-zanasi-societa-agricola.jpg\",\"width\":229,\"height\":119,\"caption\":\"Zanasi Societ\u00e0 Agricola\"},\"image\":{\"@id\":\"https:\\\/\\\/www.zanasi.net\\\/fr\\\/#\\\/schema\\\/logo\\\/image\\\/\"}}]}<\/script>\n<!-- \/ Yoast SEO plugin. -->","yoast_head_json":{"title":"Les vignobles - Zanasi Societ\u00e0 Agricola","description":"Les vignobles - Zanasi Societ\u00e0 Agricola","robots":{"index":"index","follow":"follow","max-snippet":"max-snippet:-1","max-image-preview":"max-image-preview:large","max-video-preview":"max-video-preview:-1"},"canonical":"https:\/\/www.zanasi.net\/fr\/les-vignobles\/","og_locale":"fr_FR","og_type":"article","og_title":"Les vignobles - Zanasi Societ\u00e0 Agricola","og_description":"Les vignobles - Zanasi Societ\u00e0 Agricola","og_url":"https:\/\/www.zanasi.net\/fr\/les-vignobles\/","og_site_name":"Zanasi Societ\u00e0 Agricola","article_modified_time":"2022-10-10T16:07:38+00:00","twitter_card":"summary_large_image","schema":{"@context":"https:\/\/schema.org","@graph":[{"@type":"WebPage","@id":"https:\/\/www.zanasi.net\/fr\/les-vignobles\/","url":"https:\/\/www.zanasi.net\/fr\/les-vignobles\/","name":"Les vignobles - Zanasi Societ\u00e0 Agricola","isPartOf":{"@id":"https:\/\/www.zanasi.net\/fr\/#website"},"datePublished":"2022-08-19T15:18:02+00:00","dateModified":"2022-10-10T16:07:38+00:00","description":"Les vignobles - Zanasi Societ\u00e0 Agricola","breadcrumb":{"@id":"https:\/\/www.zanasi.net\/fr\/les-vignobles\/#breadcrumb"},"inLanguage":"fr-FR","potentialAction":[{"@type":"ReadAction","target":["https:\/\/www.zanasi.net\/fr\/les-vignobles\/"]}]},{"@type":"BreadcrumbList","@id":"https:\/\/www.zanasi.net\/fr\/les-vignobles\/#breadcrumb","itemListElement":[{"@type":"ListItem","position":1,"name":"Home","item":"https:\/\/www.zanasi.net\/fr\/"},{"@type":"ListItem","position":2,"name":"Les vignobles"}]},{"@type":"WebSite","@id":"https:\/\/www.zanasi.net\/fr\/#website","url":"https:\/\/www.zanasi.net\/fr\/","name":"Zanasi Societ\u00e0 Agricola","description":"Vini e Aceti D.O.P. da San Vito - Spilamberto","publisher":{"@id":"https:\/\/www.zanasi.net\/fr\/#organization"},"potentialAction":[{"@type":"SearchAction","target":{"@type":"EntryPoint","urlTemplate":"https:\/\/www.zanasi.net\/fr\/?s={search_term_string}"},"query-input":{"@type":"PropertyValueSpecification","valueRequired":true,"valueName":"search_term_string"}}],"inLanguage":"fr-FR"},{"@type":"Organization","@id":"https:\/\/www.zanasi.net\/fr\/#organization","name":"Zanasi Societ\u00e0 Agricola","url":"https:\/\/www.zanasi.net\/fr\/","logo":{"@type":"ImageObject","inLanguage":"fr-FR","@id":"https:\/\/www.zanasi.net\/fr\/#\/schema\/logo\/image\/","url":"https:\/\/www.zanasi.net\/wp-content\/uploads\/2020\/01\/logo-zanasi-societa-agricola.jpg","contentUrl":"https:\/\/www.zanasi.net\/wp-content\/uploads\/2020\/01\/logo-zanasi-societa-agricola.jpg","width":229,"height":119,"caption":"Zanasi Societ\u00e0 Agricola"},"image":{"@id":"https:\/\/www.zanasi.net\/fr\/#\/schema\/logo\/image\/"}}]}},"_links":{"self":[{"href":"https:\/\/www.zanasi.net\/fr\/wp-json\/wp\/v2\/pages\/12099","targetHints":{"allow":["GET"]}}],"collection":[{"href":"https:\/\/www.zanasi.net\/fr\/wp-json\/wp\/v2\/pages"}],"about":[{"href":"https:\/\/www.zanasi.net\/fr\/wp-json\/wp\/v2\/types\/page"}],"author":[{"embeddable":true,"href":"https:\/\/www.zanasi.net\/fr\/wp-json\/wp\/v2\/users\/1"}],"replies":[{"embeddable":true,"href":"https:\/\/www.zanasi.net\/fr\/wp-json\/wp\/v2\/comments?post=12099"}],"version-history":[{"count":1,"href":"https:\/\/www.zanasi.net\/fr\/wp-json\/wp\/v2\/pages\/12099\/revisions"}],"predecessor-version":[{"id":12100,"href":"https:\/\/www.zanasi.net\/fr\/wp-json\/wp\/v2\/pages\/12099\/revisions\/12100"}],"wp:attachment":[{"href":"https:\/\/www.zanasi.net\/fr\/wp-json\/wp\/v2\/media?parent=12099"}],"curies":[{"name":"wp","href":"https:\/\/api.w.org\/{rel}","templated":true}]}}