{"id":629,"date":"2019-09-18T16:33:43","date_gmt":"2019-09-18T16:33:43","guid":{"rendered":"https:\/\/www.zanasi.net\/?page_id=629"},"modified":"2022-09-21T16:02:00","modified_gmt":"2022-09-21T16:02:00","slug":"qui-sommes-nous","status":"publish","type":"page","link":"https:\/\/www.zanasi.net\/fr\/qui-sommes-nous\/","title":{"rendered":"Qui sommes nous"},"content":{"rendered":"<div class=\"wpb-content-wrapper\"><p>[vc_row][vc_column]\n\t\t\t\t<p class=\"rs-p-wp-fix\"><\/p>\n\t\t\t\t<sr7-module data-alias=\"chi-siamo\" data-id=\"4\" id=\"SR7_4_1\" class=\"rs-ov-hidden\" data-version=\"6.7.40\">\n\t\t\t\t\t<sr7-adjuster><\/sr7-adjuster>\n\t\t\t\t\t<sr7-content>\n\t\t\t\t\t\t<sr7-slide id=\"SR7_4_1-18\" data-key=\"18\">\n\t\t\t\t\t\t\t<sr7-txt id=\"SR7_4_1-18-1\" class=\"sr7-layer\">Continuer <i class=\"fa-long-arrow-right\"><\/i><\/sr7-txt>\n\t\t\t\t\t\t\t<sr7-txt id=\"SR7_4_1-18-6\" class=\"sr7-layer\">Continuer <i class=\"fa-long-arrow-right\"><\/i><\/sr7-txt>\n\t\t\t\t\t\t\t<sr7-txt id=\"SR7_4_1-18-7\" class=\"sr7-layer\">La soci\u00e9t\u00e9 agricole<\/sr7-txt>\n\t\t\t\t\t\t\t<h2 id=\"SR7_4_1-18-8\" class=\"sr7-layer\">Plus de cent ans de tradition <\/h2>\n\t\t\t\t\t\t\t<sr7-txt id=\"SR7_4_1-18-9\" class=\"sr7-layer\">La passion et l'exp\u00e9rience : ce sont les caract\u00e9ristiques  qui guident la production vitivinicole de la famille Zanasi depuis quatre g\u00e9n\u00e9rations. Au c\u0153ur du territoire du Lambrusco Grasparossa de Castelvetro AOP.<br \/>\n<br \/>\nL'entreprise produit ses vins selon une tradition qui allie simplicit\u00e9 et authenticit\u00e9, en apportant sur la table toutes les saveurs sinc\u00e8res d'une terre ancienne et g\u00e9n\u00e9reuse. <br \/>\n<\/sr7-txt>\n\t\t\t\t\t\t\t<sr7-txt id=\"SR7_4_1-18-10\" class=\"sr7-layer\">La soci\u00e9t\u00e9 agricole<\/sr7-txt>\n\t\t\t\t\t\t\t<h2 id=\"SR7_4_1-18-11\" class=\"sr7-layer\">Plus de cent ans de tradition <\/h2>\n\t\t\t\t\t\t\t<sr7-txt id=\"SR7_4_1-18-12\" class=\"sr7-layer\">La passion et l'exp\u00e9rience : ce sont les caract\u00e9ristiques  qui guident la production vitivinicole de la famille Zanasi depuis quatre g\u00e9n\u00e9rations. Au c\u0153ur du territoire du Lambrusco Grasparossa de Castelvetro AOP.<br \/>\n<br \/>\nL'entreprise produit ses vins selon une tradition qui allie simplicit\u00e9 et authenticit\u00e9, en apportant sur la table toutes les saveurs sinc\u00e8res d'une terre ancienne et g\u00e9n\u00e9reuse. <\/sr7-txt>\n\t\t\t\t\t\t\t<sr7-txt id=\"SR7_4_1-18-15\" class=\"sr7-layer\">Continuer <i class=\"fas fa-long-arrow-right\"><\/i><\/sr7-txt>\n\t\t\t\t\t\t\t<sr7-txt id=\"SR7_4_1-18-16\" class=\"sr7-layer\">La soci\u00e9t\u00e9 agricole<\/sr7-txt>\n\t\t\t\t\t\t\t<h2 id=\"SR7_4_1-18-17\" class=\"sr7-layer\">Plus de cent ans de tradition <\/h2>\n\t\t\t\t\t\t\t<sr7-txt id=\"SR7_4_1-18-18\" class=\"sr7-layer\">La passion et l'exp\u00e9rience : ce sont les caract\u00e9ristiques  qui guident la production vitivinicole de la famille Zanasi depuis quatre g\u00e9n\u00e9rations. Au c\u0153ur du territoire du Lambrusco Grasparossa de Castelvetro AOP.<br \/>\n<br \/>\nL'entreprise produit ses vins selon une tradition qui allie simplicit\u00e9 et authenticit\u00e9, en apportant sur la table toutes les saveurs sinc\u00e8res d'une terre ancienne et g\u00e9n\u00e9reuse. <br \/>\n<\/sr7-txt>\n\t\t\t\t\t\t\t<sr7-txt id=\"SR7_4_1-18-33\" class=\"sr7-layer\">Continuer <i class=\"fa-long-arrow-right\"><\/i><\/sr7-txt>\n\t\t\t\t\t\t\t<sr7-txt id=\"SR7_4_1-18-34\" class=\"sr7-layer\">La soci\u00e9t\u00e9 agricole<\/sr7-txt>\n\t\t\t\t\t\t\t<h2 id=\"SR7_4_1-18-35\" class=\"sr7-layer\">Plus de cent ans de tradition <\/h2>\n\t\t\t\t\t\t\t<sr7-txt id=\"SR7_4_1-18-36\" class=\"sr7-layer\">La passion et l'exp\u00e9rience : ce sont les caract\u00e9ristiques  qui guident la production vitivinicole de la famille Zanasi depuis quatre g\u00e9n\u00e9rations. Au c\u0153ur du territoire du Lambrusco Grasparossa de Castelvetro AOP.<br \/>\n<br \/>\nL'entreprise produit ses vins selon une tradition qui allie simplicit\u00e9 et authenticit\u00e9, en apportant sur la table toutes les saveurs sinc\u00e8res d'une terre ancienne et g\u00e9n\u00e9reuse. <\/sr7-txt>\n\t\t\t\t\t\t<\/sr7-slide>\n\t\t\t\t\t\t<sr7-slide id=\"SR7_4_1-30\" data-key=\"30\">\n\t\t\t\t\t\t\t<sr7-bg id=\"SR7_4_1-30-47\" class=\"sr7-layer\"><noscript><img decoding=\"async\" src=\"https:\/\/www.zanasi.net\/wp-content\/uploads\/2022\/08\/cantina-zanasi-generazioni-background.jpg\" alt=\"\" title=\"cantina-zanasi-generazioni-background\"><\/noscript><\/sr7-bg>\n\t\t\t\t\t\t\t<sr7-txt id=\"SR7_4_1-30-1\" class=\"sr7-layer\"><i class=\"fa-long-arrow-left\"><\/i> retour<\/sr7-txt>\n\t\t\t\t\t\t\t<sr7-txt id=\"SR7_4_1-30-9\" class=\"sr7-layer\">Plus de cent ans de passion et d'exp\u00e9rience ont amen\u00e9 la famille Zanasi \u00e0 produire du vin sur quatre g\u00e9n\u00e9rations. Tout a commenc\u00e9 en 1883, avec la naissance de Luigi Zanasi, un homme qui a servi et travaill\u00e9 la terre des grands propri\u00e9taires terriens de cette \u00e9poque. En 1900, en plus de son travail dans les champs, Luigi s'est essay\u00e9 \u00e0 la production du vin en transformant son petit logement de paysan en une humble cave \u00e0 vin qui comptait huit petits tonneaux en bois contenant environ 50 HL de vin, qu'il distribuait ensuite dans les tavernes des villages alentours, aid\u00e9 seulement d'une charrette tir\u00e9e par son cheval. <br \/>\n<br \/>\nPuis, en 1919, Bruno Zanasi est n\u00e9, et d\u00e8s sa plus tendre enfance, il a \u00e9t\u00e9 introduit au monde de l'agriculture pour apprendre le m\u00e9tier que son p\u00e8re avait commenc\u00e9. En 1952, apr\u00e8s la guerre et l\u2019emprisonnement, il s'est mari\u00e9. Deux enfants sont n\u00e9s de cette union : Marinella et Luigi (qui a \u00e9t\u00e9 baptis\u00e9 ainsi en souvenir de son grand-p\u00e8re mort entre temps, et qui est maintenant propri\u00e9taire d'un \u00e9levage de porcs servant \u00e0 la production de jambons de Mod\u00e8ne et de Parme, et d'une \u00e9table pour la production de lait utilis\u00e9 pour le parmesan de Reggio). En 1978, soutenu par ses enfants, Bruno a achet\u00e9 11 hectares de terrain au Conte Ranuzzi Dei Bianchi de Bologne. C'\u00e9tait le d\u00e9but d'une nouvelle entreprise ! <br \/>\n<br \/>\nAu fil des ann\u00e9es, Bruno a agrandi son domaine en achetant de nouveaux terrains pr\u00e8s de Castelnuovo et Castelvetro. Aujourd'hui, dans l'exploitation agricole Zanasi, aux cot\u00e9s de Marinella, c'est son propre fils Marco qui travaille, aid\u00e9 par sa femme Mara. Gr\u00e2ce aux enseignements de son grand-p\u00e8re Bruno, Marco dirige l'entreprise et continue ce que le grand-p\u00e8re a construit avec grands efforts et sacrifices. Et bien qu'il ait choisi de travailler dans le secteur financier par inclination, Matteo, le fr\u00e8re de Marco, l'aide aussi avec passion dans l'entreprise familiale. <br \/>\n<br \/>\nC'est cette histoire que la famille Zanasi transmet depuis si longtemps, qui p\u00e9n\u00e8tre dans les maisons des gens pour partager ce qu'elle a r\u00e9ussi \u00e0 cr\u00e9er avec innovation et authenticit\u00e9... Le chef d'\u0153uvre d'une vie  qui continuera \u00e0 se transmettre de g\u00e9n\u00e9ration en g\u00e9n\u00e9ration...<br \/>\n<\/sr7-txt>\n\t\t\t\t\t\t\t<sr7-txt id=\"SR7_4_1-30-22\" class=\"sr7-layer\"><i class=\"fa-long-arrow-left\"><\/i> retour<\/sr7-txt>\n\t\t\t\t\t\t\t<sr7-txt id=\"SR7_4_1-30-23\" class=\"sr7-layer\">Plus de cent ans de passion et d'exp\u00e9rience ont amen\u00e9 la famille Zanasi \u00e0 produire du vin sur quatre g\u00e9n\u00e9rations. Tout a commenc\u00e9 en 1883, avec la naissance de Luigi Zanasi, un homme qui a servi et travaill\u00e9 la terre des grands propri\u00e9taires terriens de cette \u00e9poque. En 1900, en plus de son travail dans les champs, Luigi s'est essay\u00e9 \u00e0 la production du vin en transformant son petit logement de paysan en une humble cave \u00e0 vin qui comptait huit petits tonneaux en bois contenant environ 50 HL de vin, qu'il distribuait ensuite dans les tavernes des villages alentours, aid\u00e9 seulement d'une charrette tir\u00e9e par son cheval. <br \/>\n<br \/>\nPuis, en 1919, Bruno Zanasi est n\u00e9, et d\u00e8s sa plus tendre enfance, il a \u00e9t\u00e9 introduit au monde de l'agriculture pour apprendre le m\u00e9tier que son p\u00e8re avait commenc\u00e9. En 1952, apr\u00e8s la guerre et l\u2019emprisonnement, il s'est mari\u00e9. Deux enfants sont n\u00e9s de cette union : Marinella et Luigi (qui a \u00e9t\u00e9 baptis\u00e9 ainsi en souvenir de son grand-p\u00e8re mort entre temps, et qui est maintenant propri\u00e9taire d'un \u00e9levage de porcs servant \u00e0 la production de jambons de Mod\u00e8ne et de Parme, et d'une \u00e9table pour la production de lait utilis\u00e9 pour le parmesan de Reggio). En 1978, soutenu par ses enfants, Bruno a achet\u00e9 11 hectares de terrain au Conte Ranuzzi Dei Bianchi de Bologne. C'\u00e9tait le d\u00e9but d'une nouvelle entreprise ! <br \/>\n<br \/>\nAu fil des ann\u00e9es, Bruno a agrandi son domaine en achetant de nouveaux terrains pr\u00e8s de Castelnuovo et Castelvetro. Aujourd'hui, dans l'exploitation agricole Zanasi, aux cot\u00e9s de Marinella, c'est son propre fils Marco qui travaille, aid\u00e9 par sa femme Mara. Gr\u00e2ce aux enseignements de son grand-p\u00e8re Bruno, Marco dirige l'entreprise et continue ce que le grand-p\u00e8re a construit avec grands efforts et sacrifices. Et bien qu'il ait choisi de travailler dans le secteur financier par inclination, Matteo, le fr\u00e8re de Marco, l'aide aussi avec passion dans l'entreprise familiale. <br \/>\n<br \/>\nC'est cette histoire que la famille Zanasi transmet depuis si longtemps, qui p\u00e9n\u00e8tre dans les maisons des gens pour partager ce qu'elle a r\u00e9ussi \u00e0 cr\u00e9er avec innovation et authenticit\u00e9... Le chef d'\u0153uvre d'une vie  qui continuera \u00e0 se transmettre de g\u00e9n\u00e9ration en g\u00e9n\u00e9ration...<br \/>\n<\/sr7-txt>\n\t\t\t\t\t\t\t<sr7-txt id=\"SR7_4_1-30-26\" class=\"sr7-layer\"><i class=\"fa-long-arrow-left\"><\/i> retour<\/sr7-txt>\n\t\t\t\t\t\t\t<sr7-txt id=\"SR7_4_1-30-27\" class=\"sr7-layer\">Plus de cent ans de passion et d'exp\u00e9rience ont amen\u00e9 la famille Zanasi \u00e0 produire du vin sur quatre g\u00e9n\u00e9rations. Tout a commenc\u00e9 en 1883, avec la naissance de Luigi Zanasi, un homme qui a servi et travaill\u00e9 la terre des grands propri\u00e9taires terriens de cette \u00e9poque. En 1900, en plus de son travail dans les champs, Luigi s'est essay\u00e9 \u00e0 la production du vin en transformant son petit logement de paysan en une humble cave \u00e0 vin qui comptait huit petits tonneaux en bois contenant environ 50 HL de vin, qu'il distribuait ensuite dans les tavernes des villages alentours, aid\u00e9 seulement d'une charrette tir\u00e9e par son cheval. <br \/>\n<br \/>\nPuis, en 1919, Bruno Zanasi est n\u00e9, et d\u00e8s sa plus tendre enfance, il a \u00e9t\u00e9 introduit au monde de l'agriculture pour apprendre le m\u00e9tier que son p\u00e8re avait commenc\u00e9. En 1952, apr\u00e8s la guerre et l\u2019emprisonnement, il s'est mari\u00e9. Deux enfants sont n\u00e9s de cette union : Marinella et Luigi (qui a \u00e9t\u00e9 baptis\u00e9 ainsi en souvenir de son grand-p\u00e8re mort entre temps, et qui est maintenant propri\u00e9taire d'un \u00e9levage de porcs servant \u00e0 la production de jambons de Mod\u00e8ne et de Parme, et d'une \u00e9table pour la production de lait utilis\u00e9 pour le parmesan de Reggio). En 1978, soutenu par ses enfants, Bruno a achet\u00e9 11 hectares de terrain au Conte Ranuzzi Dei Bianchi de Bologne. C'\u00e9tait le d\u00e9but d'une nouvelle entreprise ! <br \/>\n<br \/>\nAu fil des ann\u00e9es, Bruno a agrandi son domaine en achetant de nouveaux terrains pr\u00e8s de Castelnuovo et Castelvetro. Aujourd'hui, dans l'exploitation agricole Zanasi, aux cot\u00e9s de Marinella, c'est son propre fils Marco qui travaille, aid\u00e9 par sa femme Mara. Gr\u00e2ce aux enseignements de son grand-p\u00e8re Bruno, Marco dirige l'entreprise et continue ce que le grand-p\u00e8re a construit avec grands efforts et sacrifices. Et bien qu'il ait choisi de travailler dans le secteur financier par inclination, Matteo, le fr\u00e8re de Marco, l'aide aussi avec passion dans l'entreprise familiale. <br \/>\n<br \/>\nC'est cette histoire que la famille Zanasi transmet depuis si longtemps, qui p\u00e9n\u00e8tre dans les maisons des gens pour partager ce qu'elle a r\u00e9ussi \u00e0 cr\u00e9er avec innovation et authenticit\u00e9... Le chef d'\u0153uvre d'une vie  qui continuera \u00e0 se transmettre de g\u00e9n\u00e9ration en g\u00e9n\u00e9ration...<br \/>\n<\/sr7-txt>\n\t\t\t\t\t\t\t<sr7-txt id=\"SR7_4_1-30-29\" class=\"sr7-layer\"><i class=\"fa-long-arrow-left\"><\/i> retour<\/sr7-txt>\n\t\t\t\t\t\t\t<sr7-txt id=\"SR7_4_1-30-30\" class=\"sr7-layer\">Plus de cent ans de passion et d'exp\u00e9rience ont amen\u00e9 la famille Zanasi \u00e0 produire du vin sur quatre g\u00e9n\u00e9rations. Tout a commenc\u00e9 en 1883, avec la naissance de Luigi Zanasi, un homme qui a servi et travaill\u00e9 la terre des grands propri\u00e9taires terriens de cette \u00e9poque. En 1900, en plus de son travail dans les champs, Luigi s'est essay\u00e9 \u00e0 la production du vin en transformant son petit logement de paysan en une humble cave \u00e0 vin qui comptait huit petits tonneaux en bois contenant environ 50 HL de vin, qu'il distribuait ensuite dans les tavernes des villages alentours, aid\u00e9 seulement d'une charrette tir\u00e9e par son cheval. <br \/>\n<br \/>\nPuis, en 1919, Bruno Zanasi est n\u00e9, et d\u00e8s sa plus tendre enfance, il a \u00e9t\u00e9 introduit au monde de l'agriculture pour apprendre le m\u00e9tier que son p\u00e8re avait commenc\u00e9. En 1952, apr\u00e8s la guerre et l\u2019emprisonnement, il s'est mari\u00e9. Deux enfants sont n\u00e9s de cette union : Marinella et Luigi (qui a \u00e9t\u00e9 baptis\u00e9 ainsi en souvenir de son grand-p\u00e8re mort entre temps, et qui est maintenant propri\u00e9taire d'un \u00e9levage de porcs servant \u00e0 la production de jambons de Mod\u00e8ne et de Parme, et d'une \u00e9table pour la production de lait utilis\u00e9 pour le parmesan de Reggio). En 1978, soutenu par ses enfants, Bruno a achet\u00e9 11 hectares de terrain au Conte Ranuzzi Dei Bianchi de Bologne. C'\u00e9tait le d\u00e9but d'une nouvelle entreprise ! <br \/>\n<br \/>\nAu fil des ann\u00e9es, Bruno a agrandi son domaine en achetant de nouveaux terrains pr\u00e8s de Castelnuovo et Castelvetro. Aujourd'hui, dans l'exploitation agricole Zanasi, aux cot\u00e9s de Marinella, c'est son propre fils Marco qui travaille, aid\u00e9 par sa femme Mara. Gr\u00e2ce aux enseignements de son grand-p\u00e8re Bruno, Marco dirige l'entreprise et continue ce que le grand-p\u00e8re a construit avec grands efforts et sacrifices. Et bien qu'il ait choisi de travailler dans le secteur financier par inclination, Matteo, le fr\u00e8re de Marco, l'aide aussi avec passion dans l'entreprise familiale. <br \/>\n<br \/>\nC'est cette histoire que la famille Zanasi transmet depuis si longtemps, qui p\u00e9n\u00e8tre dans les maisons des gens pour partager ce qu'elle a r\u00e9ussi \u00e0 cr\u00e9er avec innovation et authenticit\u00e9... <br \/>\n<br \/>\nLe chef d'\u0153uvre d'une vie  qui continuera \u00e0 se transmettre de g\u00e9n\u00e9ration en g\u00e9n\u00e9ration...<br \/>\n<\/sr7-txt>\n\t\t\t\t\t\t<\/sr7-slide>\n\t\t\t\t\t\t<sr7-slide id=\"SR7_4_1-57\" data-key=\"57\">\n\t\t\t\t\t\t<\/sr7-slide>\n\t\t\t\t\t<\/sr7-content>\n\t\t\t\t\t<image_lists style=\"display:none\">\n\t\t\t\t\t\t<img data-src=\"\/\/www.zanasi.net\/wp-content\/uploads\/2022\/07\/macchia-slider-monogramma-500x500-1.png\" data-libid=\"11715\" data-lib=\"medialibrary\" title=\"macchia-slider-monogramma-500&#215;500\" width=\"0\" height=\"0\" data-dbsrc=\"Ly93d3cuemFuYXNpLm5ldC93cC1jb250ZW50L3VwbG9hZHMvMjAyMi8wNy9tYWNjaGlhLXNsaWRlci1tb25vZ3JhbW1hLTUwMHg1MDAtMS5wbmc=\"\/>\n\t\t\t\t\t\t<img data-src=\"\/\/www.zanasi.net\/wp-content\/uploads\/2022\/12\/slider-generazioni-seppia-uwide.jpg\" data-libid=\"12122\" data-lib=\"medialibrary\" title=\"slider-generazioni-seppia-uwide\" width=\"0\" height=\"0\" data-dbsrc=\"Ly93d3cuemFuYXNpLm5ldC93cC1jb250ZW50L3VwbG9hZHMvMjAyMi8xMi9zbGlkZXItZ2VuZXJhemlvbmktc2VwcGlhLXV3aWRlLmpwZw==\"\/>\n\t\t\t\t\t\t<img data-src=\"\/\/www.zanasi.net\/wp-content\/uploads\/2022\/08\/cantina-zanasi-generazioni-background.jpg\" data-libid=\"11805\" data-lib=\"medialibrary\" title=\"cantina-zanasi-generazioni-background\" width=\"0\" height=\"0\" data-dbsrc=\"Ly93d3cuemFuYXNpLm5ldC93cC1jb250ZW50L3VwbG9hZHMvMjAyMi8wOC9jYW50aW5hLXphbmFzaS1nZW5lcmF6aW9uaS1iYWNrZ3JvdW5kLmpwZw==\"\/>\n\t\t\t\t\t<\/image_lists>\n\t\t\t\t<\/sr7-module>\n\t\t\t\t<script>\n\t\t\t\t\tSR7.PMH ??={}; SR7.PMH[\"SR7_4_1\"] = {cn:100,state:false,fn: function() { if (_tpt!==undefined && _tpt.prepareModuleHeight !== undefined) {  _tpt.prepareModuleHeight({id:\"SR7_4_1\",el:[1080,1080,960,1200,1024],type:'standard',shdw:'0',gh:[1080,1080,960,1200,1024],gw:[1326,1326,1024,778,480],vpt:['-200px&#039;,&#039;-200px&#039;,&#039;-200px&#039;,&#039;-200px&#039;,&#039;-200px'],size:{fullWidth:true, fullHeight:false},mh:'0',onh:0,onw:0,bg:{color:'{\"orig\":\"transparent\",\"type\":\"solid\",\"string\":\"transparent\"}'}});   SR7.PMH[\"SR7_4_1\"].state=true;} else if(SR7.PMH[\"SR7_4_1\"].cn-->0)\tsetTimeout( SR7.PMH[\"SR7_4_1\"].fn,19);}};SR7.PMH[\"SR7_4_1\" ].fn();\n\t\t\t\t<\/script>\n[\/vc_column][\/vc_row][vc_row full_width=\u00a0\u00bbstretch_row_content_no_spaces\u00a0\u00bb content_placement=\u00a0\u00bbmiddle\u00a0\u00bb][vc_column][vc_single_image image=\u00a0\u00bb184&Prime; img_size=\u00a0\u00bbfull\u00a0\u00bb alignment=\u00a0\u00bbcenter\u00a0\u00bb css_animation=\u00a0\u00bbfadeIn\u00a0\u00bb el_class=\u00a0\u00bbmb-0&Prime;][\/vc_column][\/vc_row]<\/p>\n<\/div>","protected":false},"excerpt":{"rendered":"<p>[vc_row][vc_column][\/vc_column][\/vc_row][vc_row full_width=\u00a0\u00bbstretch_row_content_no_spaces\u00a0\u00bb content_placement=\u00a0\u00bbmiddle\u00a0\u00bb][vc_column][vc_single_image image=\u00a0\u00bb184&Prime; img_size=\u00a0\u00bbfull\u00a0\u00bb alignment=\u00a0\u00bbcenter\u00a0\u00bb css_animation=\u00a0\u00bbfadeIn\u00a0\u00bb el_class=\u00a0\u00bbmb-0&Prime;][\/vc_column][\/vc_row]<\/p>\n","protected":false},"author":1,"featured_media":0,"parent":0,"menu_order":0,"comment_status":"closed","ping_status":"closed","template":"","meta":{"_acf_changed":false,"footnotes":""},"class_list":["post-629","page","type-page","status-publish","hentry"],"acf":[],"yoast_head":"<!-- This site is optimized with the Yoast SEO plugin v27.5 - https:\/\/yoast.com\/product\/yoast-seo-wordpress\/ -->\n<title>Qui sommes nous - L&#039;histoire de notre famille - Zanasi Societ\u00e0 Agricola<\/title>\n<meta name=\"description\" content=\"Qui sommes nous: Quatre g\u00e9n\u00e9rations de vignerons au pays de Lambrusco Grasparossa di Castelvetro D.O.P. et Vinaigre Balsamique Traditionnel\" \/>\n<meta name=\"robots\" content=\"index, follow, max-snippet:-1, max-image-preview:large, max-video-preview:-1\" \/>\n<link rel=\"canonical\" href=\"https:\/\/www.zanasi.net\/fr\/qui-sommes-nous\/\" \/>\n<meta property=\"og:locale\" content=\"fr_FR\" \/>\n<meta property=\"og:type\" content=\"article\" \/>\n<meta property=\"og:title\" content=\"Qui sommes nous - L&#039;histoire de notre famille - Zanasi Societ\u00e0 Agricola\" \/>\n<meta property=\"og:description\" content=\"Qui sommes nous: Quatre g\u00e9n\u00e9rations de vignerons au pays de Lambrusco Grasparossa di Castelvetro D.O.P. et Vinaigre Balsamique Traditionnel\" \/>\n<meta property=\"og:url\" content=\"https:\/\/www.zanasi.net\/fr\/qui-sommes-nous\/\" \/>\n<meta property=\"og:site_name\" content=\"Zanasi Societ\u00e0 Agricola\" \/>\n<meta property=\"article:modified_time\" content=\"2022-09-21T16:02:00+00:00\" \/>\n<meta name=\"twitter:card\" content=\"summary_large_image\" \/>\n<meta name=\"twitter:label1\" content=\"Dur\u00e9e de lecture estim\u00e9e\" \/>\n\t<meta name=\"twitter:data1\" content=\"3 minutes\" \/>\n<script type=\"application\/ld+json\" class=\"yoast-schema-graph\">{\"@context\":\"https:\\\/\\\/schema.org\",\"@graph\":[{\"@type\":\"WebPage\",\"@id\":\"https:\\\/\\\/www.zanasi.net\\\/fr\\\/qui-sommes-nous\\\/\",\"url\":\"https:\\\/\\\/www.zanasi.net\\\/fr\\\/qui-sommes-nous\\\/\",\"name\":\"Qui sommes nous - L'histoire de notre famille - Zanasi Societ\u00e0 Agricola\",\"isPartOf\":{\"@id\":\"https:\\\/\\\/www.zanasi.net\\\/fr\\\/#website\"},\"datePublished\":\"2019-09-18T16:33:43+00:00\",\"dateModified\":\"2022-09-21T16:02:00+00:00\",\"description\":\"Qui sommes nous: Quatre g\u00e9n\u00e9rations de vignerons au pays de Lambrusco Grasparossa di Castelvetro D.O.P. et Vinaigre Balsamique Traditionnel\",\"breadcrumb\":{\"@id\":\"https:\\\/\\\/www.zanasi.net\\\/fr\\\/qui-sommes-nous\\\/#breadcrumb\"},\"inLanguage\":\"fr-FR\",\"potentialAction\":[{\"@type\":\"ReadAction\",\"target\":[\"https:\\\/\\\/www.zanasi.net\\\/fr\\\/qui-sommes-nous\\\/\"]}]},{\"@type\":\"BreadcrumbList\",\"@id\":\"https:\\\/\\\/www.zanasi.net\\\/fr\\\/qui-sommes-nous\\\/#breadcrumb\",\"itemListElement\":[{\"@type\":\"ListItem\",\"position\":1,\"name\":\"Home\",\"item\":\"https:\\\/\\\/www.zanasi.net\\\/fr\\\/\"},{\"@type\":\"ListItem\",\"position\":2,\"name\":\"Qui sommes nous\"}]},{\"@type\":\"WebSite\",\"@id\":\"https:\\\/\\\/www.zanasi.net\\\/fr\\\/#website\",\"url\":\"https:\\\/\\\/www.zanasi.net\\\/fr\\\/\",\"name\":\"Zanasi Societ\u00e0 Agricola\",\"description\":\"Vini e Aceti D.O.P. da San Vito - Spilamberto\",\"publisher\":{\"@id\":\"https:\\\/\\\/www.zanasi.net\\\/fr\\\/#organization\"},\"potentialAction\":[{\"@type\":\"SearchAction\",\"target\":{\"@type\":\"EntryPoint\",\"urlTemplate\":\"https:\\\/\\\/www.zanasi.net\\\/fr\\\/?s={search_term_string}\"},\"query-input\":{\"@type\":\"PropertyValueSpecification\",\"valueRequired\":true,\"valueName\":\"search_term_string\"}}],\"inLanguage\":\"fr-FR\"},{\"@type\":\"Organization\",\"@id\":\"https:\\\/\\\/www.zanasi.net\\\/fr\\\/#organization\",\"name\":\"Zanasi Societ\u00e0 Agricola\",\"url\":\"https:\\\/\\\/www.zanasi.net\\\/fr\\\/\",\"logo\":{\"@type\":\"ImageObject\",\"inLanguage\":\"fr-FR\",\"@id\":\"https:\\\/\\\/www.zanasi.net\\\/fr\\\/#\\\/schema\\\/logo\\\/image\\\/\",\"url\":\"https:\\\/\\\/www.zanasi.net\\\/wp-content\\\/uploads\\\/2020\\\/01\\\/logo-zanasi-societa-agricola.jpg\",\"contentUrl\":\"https:\\\/\\\/www.zanasi.net\\\/wp-content\\\/uploads\\\/2020\\\/01\\\/logo-zanasi-societa-agricola.jpg\",\"width\":229,\"height\":119,\"caption\":\"Zanasi Societ\u00e0 Agricola\"},\"image\":{\"@id\":\"https:\\\/\\\/www.zanasi.net\\\/fr\\\/#\\\/schema\\\/logo\\\/image\\\/\"}}]}<\/script>\n<!-- \/ Yoast SEO plugin. -->","yoast_head_json":{"title":"Qui sommes nous - L'histoire de notre famille - Zanasi Societ\u00e0 Agricola","description":"Qui sommes nous: Quatre g\u00e9n\u00e9rations de vignerons au pays de Lambrusco Grasparossa di Castelvetro D.O.P. et Vinaigre Balsamique Traditionnel","robots":{"index":"index","follow":"follow","max-snippet":"max-snippet:-1","max-image-preview":"max-image-preview:large","max-video-preview":"max-video-preview:-1"},"canonical":"https:\/\/www.zanasi.net\/fr\/qui-sommes-nous\/","og_locale":"fr_FR","og_type":"article","og_title":"Qui sommes nous - L'histoire de notre famille - Zanasi Societ\u00e0 Agricola","og_description":"Qui sommes nous: Quatre g\u00e9n\u00e9rations de vignerons au pays de Lambrusco Grasparossa di Castelvetro D.O.P. et Vinaigre Balsamique Traditionnel","og_url":"https:\/\/www.zanasi.net\/fr\/qui-sommes-nous\/","og_site_name":"Zanasi Societ\u00e0 Agricola","article_modified_time":"2022-09-21T16:02:00+00:00","twitter_card":"summary_large_image","twitter_misc":{"Dur\u00e9e de lecture estim\u00e9e":"3 minutes"},"schema":{"@context":"https:\/\/schema.org","@graph":[{"@type":"WebPage","@id":"https:\/\/www.zanasi.net\/fr\/qui-sommes-nous\/","url":"https:\/\/www.zanasi.net\/fr\/qui-sommes-nous\/","name":"Qui sommes nous - L'histoire de notre famille - Zanasi Societ\u00e0 Agricola","isPartOf":{"@id":"https:\/\/www.zanasi.net\/fr\/#website"},"datePublished":"2019-09-18T16:33:43+00:00","dateModified":"2022-09-21T16:02:00+00:00","description":"Qui sommes nous: Quatre g\u00e9n\u00e9rations de vignerons au pays de Lambrusco Grasparossa di Castelvetro D.O.P. et Vinaigre Balsamique Traditionnel","breadcrumb":{"@id":"https:\/\/www.zanasi.net\/fr\/qui-sommes-nous\/#breadcrumb"},"inLanguage":"fr-FR","potentialAction":[{"@type":"ReadAction","target":["https:\/\/www.zanasi.net\/fr\/qui-sommes-nous\/"]}]},{"@type":"BreadcrumbList","@id":"https:\/\/www.zanasi.net\/fr\/qui-sommes-nous\/#breadcrumb","itemListElement":[{"@type":"ListItem","position":1,"name":"Home","item":"https:\/\/www.zanasi.net\/fr\/"},{"@type":"ListItem","position":2,"name":"Qui sommes nous"}]},{"@type":"WebSite","@id":"https:\/\/www.zanasi.net\/fr\/#website","url":"https:\/\/www.zanasi.net\/fr\/","name":"Zanasi Societ\u00e0 Agricola","description":"Vini e Aceti D.O.P. da San Vito - Spilamberto","publisher":{"@id":"https:\/\/www.zanasi.net\/fr\/#organization"},"potentialAction":[{"@type":"SearchAction","target":{"@type":"EntryPoint","urlTemplate":"https:\/\/www.zanasi.net\/fr\/?s={search_term_string}"},"query-input":{"@type":"PropertyValueSpecification","valueRequired":true,"valueName":"search_term_string"}}],"inLanguage":"fr-FR"},{"@type":"Organization","@id":"https:\/\/www.zanasi.net\/fr\/#organization","name":"Zanasi Societ\u00e0 Agricola","url":"https:\/\/www.zanasi.net\/fr\/","logo":{"@type":"ImageObject","inLanguage":"fr-FR","@id":"https:\/\/www.zanasi.net\/fr\/#\/schema\/logo\/image\/","url":"https:\/\/www.zanasi.net\/wp-content\/uploads\/2020\/01\/logo-zanasi-societa-agricola.jpg","contentUrl":"https:\/\/www.zanasi.net\/wp-content\/uploads\/2020\/01\/logo-zanasi-societa-agricola.jpg","width":229,"height":119,"caption":"Zanasi Societ\u00e0 Agricola"},"image":{"@id":"https:\/\/www.zanasi.net\/fr\/#\/schema\/logo\/image\/"}}]}},"_links":{"self":[{"href":"https:\/\/www.zanasi.net\/fr\/wp-json\/wp\/v2\/pages\/629","targetHints":{"allow":["GET"]}}],"collection":[{"href":"https:\/\/www.zanasi.net\/fr\/wp-json\/wp\/v2\/pages"}],"about":[{"href":"https:\/\/www.zanasi.net\/fr\/wp-json\/wp\/v2\/types\/page"}],"author":[{"embeddable":true,"href":"https:\/\/www.zanasi.net\/fr\/wp-json\/wp\/v2\/users\/1"}],"replies":[{"embeddable":true,"href":"https:\/\/www.zanasi.net\/fr\/wp-json\/wp\/v2\/comments?post=629"}],"version-history":[{"count":9,"href":"https:\/\/www.zanasi.net\/fr\/wp-json\/wp\/v2\/pages\/629\/revisions"}],"predecessor-version":[{"id":12082,"href":"https:\/\/www.zanasi.net\/fr\/wp-json\/wp\/v2\/pages\/629\/revisions\/12082"}],"wp:attachment":[{"href":"https:\/\/www.zanasi.net\/fr\/wp-json\/wp\/v2\/media?parent=629"}],"curies":[{"name":"wp","href":"https:\/\/api.w.org\/{rel}","templated":true}]}}